{"id":3,"date":"2025-12-17T14:05:43","date_gmt":"2025-12-17T14:05:43","guid":{"rendered":"http:\/\/www.fundavia.com\/?page_id=3"},"modified":"2026-01-02T13:15:45","modified_gmt":"2026-01-02T13:15:45","slug":"termos-e-condicoes","status":"publish","type":"page","link":"https:\/\/www.fundavia.com\/pt\/termos-e-condicoes\/","title":{"rendered":"Termos e Condi\u00e7\u00f5es"},"content":{"rendered":"<p><strong>Data de vig\u00eancia:<\/strong> 02 de janeiro de 2026<\/p>\n\n\n\n<p>Bem-vindo \u00e0 Fundavia (\u201cFundavia\u201d, \u201cn\u00f3s\u201d, \u201cnosso\u201d ou \u201cnossa\u201d). Estes Termos e Condi\u00e7\u00f5es (\u201cTermos\u201d) explicam as regras e expectativas para o uso do site www.fundavia.com (o \u201cSite\u201d). Ao acessar ou usar o Site, voc\u00ea confirma que leu, entendeu e concorda em se comprometer com estes Termos. Se voc\u00ea n\u00e3o concordar com estes Termos na \u00edntegra, n\u00e3o utilize o Site.<\/p>\n\n\n\n<p class=\"has-medium-font-size\">1. O que \u00e9 e o que n\u00e3o \u00e9 a Fundavia<\/p>\n\n\n\n<ol class=\"wp-block-list has-medium-font-size\"><\/ol>\n\n\n\n<p>A Fundavia \u00e9 uma revista online premium focada em fornecer informa\u00e7\u00f5es detalhadas e bem pesquisadas sobre fundos negociados em bolsa, fundos m\u00fatuos e estrat\u00e9gias de investimento adotadas por grandes alocadores institucionais em todo o mundo. Seja escrevendo sobre o aumento dos ETFs ativos, as mudan\u00e7as para fundos tem\u00e1ticos ou o papel dos produtos de renda fixa nas carteiras, nosso objetivo \u00e9 fornecer contexto, an\u00e1lise e perspectiva que ajudem os leitores a entender o que move os mercados e por que isso \u00e9 importante. O site \u00e9 disponibilizado para fins informativos, educacionais e de coment\u00e1rios e n\u00e3o se limita a usu\u00e1rios registrados ou pagantes, salvo indica\u00e7\u00e3o em contr\u00e1rio.<\/p>\n\n\n\n<p>A Fundavia n\u00e3o atua como consultora de investimentos, corretora, planejadora financeira ou fiduci\u00e1ria, e nada neste site deve ser considerado como aconselhamento personalizado, individualizado, profissional ou especializado. O conte\u00fado reflete observa\u00e7\u00f5es e an\u00e1lises gerais do mercado, n\u00e3o recomenda\u00e7\u00f5es para comprar, manter ou vender qualquer t\u00edtulo ou estrat\u00e9gia. Se voc\u00ea estiver pensando em tomar qualquer medida com base no material deste site, deve primeiro consultar um profissional qualificado na \u00e1rea financeira, jur\u00eddica, tribut\u00e1ria ou outra que possa aconselh\u00e1-lo de acordo com suas circunst\u00e2ncias pessoais.<\/p>\n\n\n\n<p class=\"has-medium-font-size\">2. Elegibilidade para usar o site<\/p>\n\n\n\n<ol start=\"2\" class=\"wp-block-list\"><\/ol>\n\n\n\n<p>Ao utilizar o Website, voc\u00ea declara que:<\/p>\n\n\n\n<ul class=\"wp-block-list\">\n<li>Voc\u00ea tem capacidade legal para celebrar acordos vinculativos de acordo com as leis da sua jurisdi\u00e7\u00e3o; e<br><\/li>\n\n\n\n<li>Se voc\u00ea estiver usando o site em nome de uma empresa ou organiza\u00e7\u00e3o, voc\u00ea est\u00e1 autorizado a vincular essa entidade a estes Termos.<\/li>\n<\/ul>\n\n\n\n<p class=\"has-medium-font-size\">3. Aus\u00eancia de aconselhamento profissional ou responsabilidade<\/p>\n\n\n\n<p>As informa\u00e7\u00f5es publicadas na Fundavia s\u00e3o fornecidas apenas para fins informativos gerais e n\u00e3o constituem aconselhamento profissional em mat\u00e9ria de investimentos, finan\u00e7as, direito, fiscalidade, contabilidade, regulamenta\u00e7\u00e3o ou outros. A Fundavia, os seus autores e colaboradores n\u00e3o endossam nenhum produto, estrat\u00e9gia ou servi\u00e7o de investimento, e nada do que est\u00e1 contido no site deve ser interpretado como uma recomenda\u00e7\u00e3o para comprar ou vender qualquer investimento ou para realizar qualquer transa\u00e7\u00e3o financeira.<br><br>Voc\u00ea compreende que qualquer investimento envolve riscos, incluindo a poss\u00edvel perda de capital, e que n\u00e3o deve tomar decis\u00f5es sem procurar aconselhamento profissional adequado com base nas suas circunst\u00e2ncias individuais. A Fundavia n\u00e3o se responsabiliza por quaisquer perdas, danos ou outras consequ\u00eancias de decis\u00f5es tomadas por voc\u00ea ou por terceiros com base nas informa\u00e7\u00f5es contidas ou acessadas atrav\u00e9s deste site.<\/p>\n\n\n\n<p class=\"has-medium-font-size\">4. Propriedade intelectual e uso do conte\u00fado<\/p>\n\n\n\n<ol start=\"4\" class=\"wp-block-list\"><\/ol>\n\n\n\n<p>Todo o material deste site, incluindo texto, gr\u00e1ficos, ilustra\u00e7\u00f5es, pesquisas, design, layout e logotipos, \u00e9 propriedade ou licenciado pela Fundavia e est\u00e1 protegido pelas leis de propriedade intelectual aplic\u00e1veis. \u00c9 concedido a voc\u00ea um direito limitado, n\u00e3o exclusivo e intransfer\u00edvel de acessar e visualizar o conte\u00fado apenas para fins pessoais e n\u00e3o comerciais. Sem nossa permiss\u00e3o pr\u00e9via por escrito, voc\u00ea n\u00e3o pode copiar, reproduzir, distribuir, modificar, republicar, carregar, publicar ou usar qualquer conte\u00fado para qualquer finalidade que n\u00e3o seja a visualiza\u00e7\u00e3o e o compartilhamento, de acordo com estes Termos.<\/p>\n\n\n\n<p class=\"has-medium-font-size\">5. Conte\u00fado de terceiros e links externos<\/p>\n\n\n\n<ol start=\"5\" class=\"wp-block-list\"><\/ol>\n\n\n\n<p>A Fundavia pode conter links para sites, recursos e publica\u00e7\u00f5es de terceiros. Estes s\u00e3o fornecidos apenas para conveni\u00eancia e fins informativos. N\u00e3o controlamos e n\u00e3o somos respons\u00e1veis pelo conte\u00fado ou pr\u00e1ticas de sites externos, e a exist\u00eancia de links para eles n\u00e3o implica endosso, verifica\u00e7\u00e3o ou aprova\u00e7\u00e3o de seu conte\u00fado. Sua decis\u00e3o de acessar ou confiar no conte\u00fado de terceiros \u00e9 por sua conta e risco.<\/p>\n\n\n\n<p class=\"has-medium-font-size\">6. Utiliza\u00e7\u00e3o aceit\u00e1vel<\/p>\n\n\n\n<ol start=\"6\" class=\"wp-block-list has-medium-font-size\"><\/ol>\n\n\n\n<p>Voc\u00ea concorda em usar o site de maneira legal, respeitosa e respons\u00e1vel. Em particular, voc\u00ea n\u00e3o deve:<\/p>\n\n\n\n<ul class=\"wp-block-list\">\n<li>Violar qualquer lei ou regulamento aplic\u00e1vel;<\/li>\n\n\n\n<li>Violar os direitos da Fundavia, de seus colaboradores ou de terceiros;<\/li>\n\n\n\n<li>Carregar ou transmitir c\u00f3digos maliciosos, malware ou outros materiais prejudiciais;<\/li>\n\n\n\n<li>Interferir na disponibilidade ou integridade do site; ou<\/li>\n\n\n\n<li>Tentar burlar medidas de seguran\u00e7a ou obter acesso n\u00e3o autorizado a sistemas relacionados ao site.<\/li>\n<\/ul>\n\n\n\n<p>A Fundavia reserva-se o direito de restringir ou encerrar o acesso ao site a seu crit\u00e9rio, caso estes Termos sejam violados.<\/p>\n\n\n\n<p class=\"has-medium-font-size\">7. Disponibilidade e isen\u00e7\u00e3o de responsabilidade das garantias<\/p>\n\n\n\n<ol start=\"7\" class=\"wp-block-list\"><\/ol>\n\n\n\n<p>O site e todo o seu conte\u00fado s\u00e3o fornecidos \u201ctal como est\u00e3o\u201d e \u201cconforme dispon\u00edveis\u201d, sem qualquer tipo de garantia \u2014 expressa, impl\u00edcita ou legal. Embora nosso objetivo seja manter as informa\u00e7\u00f5es precisas e atualizadas, n\u00e3o representamos nem garantimos a integridade, confiabilidade, atualidade ou precis\u00e3o de qualquer conte\u00fado. O acesso e uso do site s\u00e3o por sua conta e risco.<\/p>\n\n\n\n<p class=\"has-medium-font-size\">8. Limita\u00e7\u00e3o de responsabilidade<\/p>\n\n\n\n<ol start=\"8\" class=\"wp-block-list\"><\/ol>\n\n\n\n<p>Na medida m\u00e1xima permitida pela lei aplic\u00e1vel, a Fundavia e suas afiliadas, parceiros, colaboradores, funcion\u00e1rios, agentes e licenciadores n\u00e3o ser\u00e3o respons\u00e1veis por qualquer perda, dano ou reclama\u00e7\u00e3o direta ou indireta decorrente ou relacionada ao uso do site ou \u00e0 confian\u00e7a em qualquer conte\u00fado fornecido por meio dele, incluindo qualquer perda de investimento, lucros, dados, receita ou danos \u00e0 reputa\u00e7\u00e3o.<\/p>\n\n\n\n<p class=\"has-medium-font-size\">9. Prote\u00e7\u00e3o de dados e privacidade<\/p>\n\n\n\n<ol start=\"9\" class=\"wp-block-list\"><\/ol>\n\n\n\n<p>A Fundavia coleta e processa dados pessoais de acordo com as leis de prote\u00e7\u00e3o de dados aplic\u00e1veis. Detalhes sobre como lidamos com informa\u00e7\u00f5es pessoais est\u00e3o estabelecidos na Pol\u00edtica de Privacidade, que faz parte destes Termos por refer\u00eancia.<\/p>\n\n\n\n<p class=\"has-medium-font-size\">10. Altera\u00e7\u00f5es a estes Termos<\/p>\n\n\n\n<ol start=\"10\" class=\"wp-block-list\"><\/ol>\n\n\n\n<p>Podemos revisar ou atualizar estes Termos periodicamente. As vers\u00f5es atualizadas ser\u00e3o publicadas no site com suas datas de vig\u00eancia. O uso continuado do site ap\u00f3s a publica\u00e7\u00e3o das altera\u00e7\u00f5es constitui sua aceita\u00e7\u00e3o de quaisquer Termos revisados.<\/p>\n\n\n\n<p class=\"has-medium-font-size\">11. Divisibilidade<\/p>\n\n\n\n<ol start=\"11\" class=\"wp-block-list\"><\/ol>\n\n\n\n<p>Se qualquer parte destes Termos for considerada inv\u00e1lida ou inexequ\u00edvel, essa parte ser\u00e1 separada e o restante continuar\u00e1 em pleno vigor e efeito.<\/p>\n\n\n\n<p class=\"has-medium-font-size\">12. Lei aplic\u00e1vel e jurisdi\u00e7\u00e3o<\/p>\n\n\n\n<ol start=\"12\" class=\"wp-block-list\"><\/ol>\n\n\n\n<p>Estes Termos e o uso do site ser\u00e3o regidos pelas leis da jurisdi\u00e7\u00e3o em que a Fundavia est\u00e1 sediada, sem levar em considera\u00e7\u00e3o os princ\u00edpios de conflito de leis. Os tribunais competentes dessa jurisdi\u00e7\u00e3o ter\u00e3o autoridade exclusiva para resolver quaisquer disputas decorrentes ou relacionadas a estes Termos ou ao uso do site.<\/p>\n\n\n\n<p class=\"has-medium-font-size\">13. Informa\u00e7\u00f5es de contato<\/p>\n\n\n\n<ol start=\"13\" class=\"wp-block-list\"><\/ol>\n\n\n\n<p>Se voc\u00ea tiver d\u00favidas sobre estes Termos, entre em contato conosco pelo e-mail: info@fundavia.com. .<\/p>","protected":false},"excerpt":{"rendered":"<p>Data de vig\u00eancia: 02 de janeiro de 2026 Bem-vindo \u00e0 Fundavia (\u201cFundavia\u201d, \u201cn\u00f3s\u201d, \u201cnosso\u201d ou \u201cnossa\u201d). Estes Termos e Condi\u00e7\u00f5es (\u201cTermos\u201d) explicam o<\/p>","protected":false},"author":1,"featured_media":0,"parent":0,"menu_order":0,"comment_status":"closed","ping_status":"open","template":"","meta":{"colormag_page_container_layout":"default_layout","colormag_page_sidebar_layout":"default_layout","footnotes":""},"class_list":["post-3","page","type-page","status-publish","hentry"],"yoast_head":"<!-- This site is optimized with the Yoast SEO plugin v26.6 - https:\/\/yoast.com\/wordpress\/plugins\/seo\/ -->\n<title>Terms and Conditions - Fundavia | Funds, ETFs &amp; Institutional Investing<\/title>\n<meta name=\"robots\" content=\"index, follow, max-snippet:-1, max-image-preview:large, max-video-preview:-1\" \/>\n<link rel=\"canonical\" href=\"http:\/\/www.fundavia.com\/pt\/termos-e-condicoes\/\" \/>\n<meta property=\"og:locale\" content=\"pt_BR\" \/>\n<meta property=\"og:type\" content=\"article\" \/>\n<meta property=\"og:title\" content=\"Terms and Conditions - Fundavia | Funds, ETFs &amp; Institutional Investing\" \/>\n<meta property=\"og:description\" content=\"Effective Date: 02 January 2026 Welcome to Fundavia (\u201cFundavia,\u201d \u201cwe,\u201d \u201cour\u201d or \u201cus\u201d). These Terms and Conditions (\u201cTerms\u201d) explain the\" \/>\n<meta property=\"og:url\" content=\"http:\/\/www.fundavia.com\/pt\/termos-e-condicoes\/\" \/>\n<meta property=\"og:site_name\" content=\"Fundavia | Funds, ETFs &amp; Institutional Investing\" \/>\n<meta property=\"article:modified_time\" content=\"2026-01-02T13:15:45+00:00\" \/>\n<meta name=\"twitter:card\" content=\"summary_large_image\" \/>\n<meta name=\"twitter:label1\" content=\"Est. tempo de leitura\" \/>\n\t<meta name=\"twitter:data1\" content=\"5 minutos\" \/>\n<script type=\"application\/ld+json\" class=\"yoast-schema-graph\">{\"@context\":\"https:\/\/schema.org\",\"@graph\":[{\"@type\":\"WebPage\",\"@id\":\"http:\/\/www.fundavia.com\/es\/terminos-y-condiciones\/\",\"url\":\"http:\/\/www.fundavia.com\/es\/terminos-y-condiciones\/\",\"name\":\"Terms and Conditions - Fundavia | Funds, ETFs &amp; Institutional Investing\",\"isPartOf\":{\"@id\":\"https:\/\/www.fundavia.com\/pl\/#website\"},\"datePublished\":\"2025-12-17T14:05:43+00:00\",\"dateModified\":\"2026-01-02T13:15:45+00:00\",\"breadcrumb\":{\"@id\":\"http:\/\/www.fundavia.com\/es\/terminos-y-condiciones\/#breadcrumb\"},\"inLanguage\":\"pt-BR\",\"potentialAction\":[{\"@type\":\"ReadAction\",\"target\":[\"http:\/\/www.fundavia.com\/es\/terminos-y-condiciones\/\"]}]},{\"@type\":\"BreadcrumbList\",\"@id\":\"http:\/\/www.fundavia.com\/es\/terminos-y-condiciones\/#breadcrumb\",\"itemListElement\":[{\"@type\":\"ListItem\",\"position\":1,\"name\":\"Home\",\"item\":\"https:\/\/www.fundavia.com\/pl\/\"},{\"@type\":\"ListItem\",\"position\":2,\"name\":\"Terms and Conditions\"}]},{\"@type\":\"WebSite\",\"@id\":\"https:\/\/www.fundavia.com\/pl\/#website\",\"url\":\"https:\/\/www.fundavia.com\/pl\/\",\"name\":\"Fundavia | Funds, ETFs & Institutional Investing\",\"description\":\"Fundavia provides deep analysis on ETFs, funds, and institutional investment strategies shaping global financial markets and capital allocation.\",\"publisher\":{\"@id\":\"https:\/\/www.fundavia.com\/pl\/#organization\"},\"potentialAction\":[{\"@type\":\"SearchAction\",\"target\":{\"@type\":\"EntryPoint\",\"urlTemplate\":\"https:\/\/www.fundavia.com\/pl\/?s={search_term_string}\"},\"query-input\":{\"@type\":\"PropertyValueSpecification\",\"valueRequired\":true,\"valueName\":\"search_term_string\"}}],\"inLanguage\":\"pt-BR\"},{\"@type\":\"Organization\",\"@id\":\"https:\/\/www.fundavia.com\/pl\/#organization\",\"name\":\"Fundavia | Funds, ETFs & Institutional Investing\",\"url\":\"https:\/\/www.fundavia.com\/pl\/\",\"logo\":{\"@type\":\"ImageObject\",\"inLanguage\":\"pt-BR\",\"@id\":\"https:\/\/www.fundavia.com\/pl\/#\/schema\/logo\/image\/\",\"url\":\"https:\/\/www.fundavia.com\/wp-content\/uploads\/2025\/12\/fundavia.png\",\"contentUrl\":\"https:\/\/www.fundavia.com\/wp-content\/uploads\/2025\/12\/fundavia.png\",\"width\":251,\"height\":156,\"caption\":\"Fundavia | Funds, ETFs & Institutional Investing\"},\"image\":{\"@id\":\"https:\/\/www.fundavia.com\/pl\/#\/schema\/logo\/image\/\"}}]}<\/script>\n<!-- \/ Yoast SEO plugin. -->","yoast_head_json":{"title":"Termos e Condi\u00e7\u00f5es - Fundavia | Fundos, ETFs e Investimentos Institucionais","robots":{"index":"index","follow":"follow","max-snippet":"max-snippet:-1","max-image-preview":"max-image-preview:large","max-video-preview":"max-video-preview:-1"},"canonical":"http:\/\/www.fundavia.com\/pt\/termos-e-condicoes\/","og_locale":"pt_BR","og_type":"article","og_title":"Terms and Conditions - Fundavia | Funds, ETFs &amp; Institutional Investing","og_description":"Effective Date: 02 January 2026 Welcome to Fundavia (\u201cFundavia,\u201d \u201cwe,\u201d \u201cour\u201d or \u201cus\u201d). These Terms and Conditions (\u201cTerms\u201d) explain the","og_url":"http:\/\/www.fundavia.com\/pt\/termos-e-condicoes\/","og_site_name":"Fundavia | Funds, ETFs &amp; Institutional Investing","article_modified_time":"2026-01-02T13:15:45+00:00","twitter_card":"summary_large_image","twitter_misc":{"Est. tempo de leitura":"5 minutos"},"schema":{"@context":"https:\/\/schema.org","@graph":[{"@type":"WebPage","@id":"http:\/\/www.fundavia.com\/es\/terminos-y-condiciones\/","url":"http:\/\/www.fundavia.com\/es\/terminos-y-condiciones\/","name":"Termos e Condi\u00e7\u00f5es - Fundavia | Fundos, ETFs e Investimentos Institucionais","isPartOf":{"@id":"https:\/\/www.fundavia.com\/pl\/#website"},"datePublished":"2025-12-17T14:05:43+00:00","dateModified":"2026-01-02T13:15:45+00:00","breadcrumb":{"@id":"http:\/\/www.fundavia.com\/es\/terminos-y-condiciones\/#breadcrumb"},"inLanguage":"pt-BR","potentialAction":[{"@type":"ReadAction","target":["http:\/\/www.fundavia.com\/es\/terminos-y-condiciones\/"]}]},{"@type":"BreadcrumbList","@id":"http:\/\/www.fundavia.com\/es\/terminos-y-condiciones\/#breadcrumb","itemListElement":[{"@type":"ListItem","position":1,"name":"Home","item":"https:\/\/www.fundavia.com\/pl\/"},{"@type":"ListItem","position":2,"name":"Terms and Conditions"}]},{"@type":"WebSite","@id":"https:\/\/www.fundavia.com\/pl\/#website","url":"https:\/\/www.fundavia.com\/pl\/","name":"Fundavia | Fundos, ETFs e Investimentos Institucionais","description":"A Fundavia fornece an\u00e1lises aprofundadas sobre ETFs, fundos e estrat\u00e9gias de investimento institucionais que moldam os mercados financeiros globais e a aloca\u00e7\u00e3o de capital.","publisher":{"@id":"https:\/\/www.fundavia.com\/pl\/#organization"},"potentialAction":[{"@type":"SearchAction","target":{"@type":"EntryPoint","urlTemplate":"https:\/\/www.fundavia.com\/pl\/?s={search_term_string}"},"query-input":{"@type":"PropertyValueSpecification","valueRequired":true,"valueName":"search_term_string"}}],"inLanguage":"pt-BR"},{"@type":"Organization","@id":"https:\/\/www.fundavia.com\/pl\/#organization","name":"Fundavia | Fundos, ETFs e Investimentos Institucionais","url":"https:\/\/www.fundavia.com\/pl\/","logo":{"@type":"ImageObject","inLanguage":"pt-BR","@id":"https:\/\/www.fundavia.com\/pl\/#\/schema\/logo\/image\/","url":"https:\/\/www.fundavia.com\/wp-content\/uploads\/2025\/12\/fundavia.png","contentUrl":"https:\/\/www.fundavia.com\/wp-content\/uploads\/2025\/12\/fundavia.png","width":251,"height":156,"caption":"Fundavia | Funds, ETFs & Institutional Investing"},"image":{"@id":"https:\/\/www.fundavia.com\/pl\/#\/schema\/logo\/image\/"}}]}},"_links":{"self":[{"href":"https:\/\/www.fundavia.com\/pt\/wp-json\/wp\/v2\/pages\/3","targetHints":{"allow":["GET"]}}],"collection":[{"href":"https:\/\/www.fundavia.com\/pt\/wp-json\/wp\/v2\/pages"}],"about":[{"href":"https:\/\/www.fundavia.com\/pt\/wp-json\/wp\/v2\/types\/page"}],"author":[{"embeddable":true,"href":"https:\/\/www.fundavia.com\/pt\/wp-json\/wp\/v2\/users\/1"}],"replies":[{"embeddable":true,"href":"https:\/\/www.fundavia.com\/pt\/wp-json\/wp\/v2\/comments?post=3"}],"version-history":[{"count":3,"href":"https:\/\/www.fundavia.com\/pt\/wp-json\/wp\/v2\/pages\/3\/revisions"}],"predecessor-version":[{"id":931,"href":"https:\/\/www.fundavia.com\/pt\/wp-json\/wp\/v2\/pages\/3\/revisions\/931"}],"wp:attachment":[{"href":"https:\/\/www.fundavia.com\/pt\/wp-json\/wp\/v2\/media?parent=3"}],"curies":[{"name":"wp","href":"https:\/\/api.w.org\/{rel}","templated":true}]}}