{"id":817,"date":"2025-12-17T14:05:43","date_gmt":"2025-12-17T14:05:43","guid":{"rendered":"https:\/\/www.fundavia.com\/?page_id=817"},"modified":"2026-01-02T13:24:00","modified_gmt":"2026-01-02T13:24:00","slug":"polityka-prywatnosci","status":"publish","type":"page","link":"https:\/\/www.fundavia.com\/pl\/polityka-prywatnosci\/","title":{"rendered":"Polityka prywatno\u015bci"},"content":{"rendered":"<p><strong>Data wej\u015bcia w \u017cycie<\/strong>: 2 stycznia 2026 r.<\/p>\n\n\n\n<p>Niniejsza Polityka prywatno\u015bci wyja\u015bnia, w jaki spos\u00f3b Fundavia (\u201cFundavia\u201d, \u201cmy\u201d, \u201cnasze\u201d lub \u201cnas\u201d) gromadzi, wykorzystuje, przechowuje i chroni dane osobowe podczas odwiedzania i korzystania ze strony internetowej www.fundavia.com (\u201cStrona internetowa\u201d). Fundavia zobowi\u0105zuje si\u0119 do odpowiedzialnego i przejrzystego przetwarzania danych osobowych u\u017cytkownik\u00f3w zgodnie z obowi\u0105zuj\u0105cymi przepisami o ochronie danych, w tym przepisami obowi\u0105zuj\u0105cymi w Unii Europejskiej, Wielkiej Brytanii, Szwajcarii i innych regionach, w kt\u00f3rych obowi\u0105zuj\u0105 zasady ochrony danych.<\/p>\n\n\n\n<p class=\"has-medium-font-size\">1. Kim jeste\u015bmy i jak si\u0119 z nami skontaktowa\u0107<\/p>\n\n\n\n<ol class=\"wp-block-list\"><\/ol>\n\n\n\n<p>W rozumieniu przepis\u00f3w dotycz\u0105cych ochrony danych osobowych Fundavia jest administratorem danych, co oznacza, \u017ce okre\u015blamy cele i sposoby przetwarzania danych osobowych u\u017cytkownik\u00f3w korzystaj\u0105cych z naszej strony internetowej.<br>Je\u015bli masz pytania, w\u0105tpliwo\u015bci lub pro\u015bby dotycz\u0105ce swoich danych osobowych lub niniejszej polityki, mo\u017cesz skontaktowa\u0107 si\u0119 z nami pod adresem: <br>info @ fundavia.com .<\/p>\n\n\n\n<p class=\"has-medium-font-size\">2. Zakres niniejszej polityki<\/p>\n\n\n\n<ol start=\"2\" class=\"wp-block-list\"><\/ol>\n\n\n\n<p>Niniejsza Polityka prywatno\u015bci dotyczy wszystkich odwiedzaj\u0105cych i u\u017cytkownik\u00f3w serwisu Fundavia.com, niezale\u017cnie od tego, czy czytasz artyku\u0142y, subskrybujesz biuletyny, kontaktujesz si\u0119 z nami bezpo\u015brednio, czy korzystasz z formularzy dost\u0119pnych w serwisie. Nie dotyczy ona stron internetowych, us\u0142ug ani platform stron trzecich, do kt\u00f3rych linki mog\u0105 znajdowa\u0107 si\u0119 w serwisie. Fundavia nie ponosi odpowiedzialno\u015bci za praktyki dotycz\u0105ce prywatno\u015bci ani tre\u015bci zewn\u0119trznych stron, kt\u00f3re mo\u017cesz odwiedza\u0107, korzystaj\u0105c z link\u00f3w zamieszczonych na naszych stronach.<\/p>\n\n\n\n<p class=\"has-medium-font-size\">3. Jakie dane osobowe gromadzimy<\/p>\n\n\n\n<ol start=\"3\" class=\"wp-block-list\"><\/ol>\n\n\n\n<p>Gromadzimy i przetwarzamy dane osobowe wy\u0142\u0105cznie w przypadkach, gdy jest to konieczne do realizacji uzasadnionych cel\u00f3w, w tym:<\/p>\n\n\n\n<p><strong>3.1 Informacje przekazywane nam przez u\u017cytkownika<\/strong><\/p>\n\n\n\n<p>Mo\u017cesz zdecydowa\u0107 si\u0119 na udost\u0119pnienie danych osobowych, gdy:<\/p>\n\n\n\n<ul class=\"wp-block-list\">\n<li>Zapisz si\u0119 do naszego newslettera<\/li>\n\n\n\n<li>Skontaktuj si\u0119 z nami za pomoc\u0105 formularza lub e-maila<\/li>\n\n\n\n<li>Uczestnictwo w promocjach lub ankietach<\/li>\n<\/ul>\n\n\n\n<p>Mo\u017ce to obejmowa\u0107 takie szczeg\u00f3\u0142y, jak:<\/p>\n\n\n\n<ul class=\"wp-block-list\">\n<li>Nazwa<\/li>\n\n\n\n<li>Adres e-mail<\/li>\n\n\n\n<li>Wszelkie wiadomo\u015bci lub informacje przekazywane podczas komunikacji z nami<\/li>\n<\/ul>\n\n\n\n<p>Podanie tych informacji jest opcjonalne, ale konieczne, je\u015bli chcesz, aby\u015bmy odpowiadali na Twoje wiadomo\u015bci lub \u015bwiadczyli us\u0142ugi, takie jak wysy\u0142anie biuletyn\u00f3w.<\/p>\n\n\n\n<p><strong>3.2 Informacje zbierane automatycznie<\/strong><\/p>\n\n\n\n<p>Podczas odwiedzania Witryny niekt\u00f3re informacje techniczne mog\u0105 by\u0107 gromadzone automatycznie, takie jak:<\/p>\n\n\n\n<ul class=\"wp-block-list\">\n<li>adres IP<\/li>\n\n\n\n<li>Typ i wersja przegl\u0105darki<\/li>\n\n\n\n<li>Urz\u0105dzenie i system operacyjny<\/li>\n\n\n\n<li>Wy\u015bwietlone strony i dane dotycz\u0105ce nawigacji<\/li>\n\n\n\n<li>Strona lub \u017ar\u00f3d\u0142o, z kt\u00f3rego pochodzi odno\u015bnik<\/li>\n\n\n\n<li>Data i godzina dost\u0119pu<\/li>\n<\/ul>\n\n\n\n<p>Informacje te same w sobie nie pozwalaj\u0105 na identyfikacj\u0119 u\u017cytkownika, ale pomagaj\u0105 nam poprawi\u0107 wydajno\u015b\u0107, chroni\u0107 nasz\u0105 stron\u0119 internetow\u0105 i zrozumie\u0107 wzorce u\u017cytkowania.<\/p>\n\n\n\n<p class=\"has-medium-font-size\">4. Dlaczego przetwarzamy dane osobowe<\/p>\n\n\n\n<ol start=\"4\" class=\"wp-block-list\"><\/ol>\n\n\n\n<p>Wykorzystujemy dane osobowe w nast\u0119puj\u0105cych celach:<\/p>\n\n\n\n<ul class=\"wp-block-list\">\n<li>Do obs\u0142ugi i administrowania stron\u0105 internetow\u0105<\/li>\n\n\n\n<li>Aby odpowiedzie\u0107 na Pa\u0144stwa pytania<\/li>\n\n\n\n<li>Wysy\u0142anie biuletyn\u00f3w lub aktualizacji, je\u015bli subskrybujesz<\/li>\n\n\n\n<li>W celu zapewnienia bezpiecze\u0144stwa i integralno\u015bci Witryny internetowej<\/li>\n\n\n\n<li>Aby zrozumie\u0107, w jaki spos\u00f3b korzystaj\u0105 Pa\u0144stwo z Witryny, i ulepszy\u0107 jej zawarto\u015b\u0107.<\/li>\n\n\n\n<li>Aby wype\u0142ni\u0107 obowi\u0105zki prawne, gdy jest to wymagane<\/li>\n<\/ul>\n\n\n\n<p>Cele te s\u0105 poparte podstawami prawnymi, takimi jak zgoda u\u017cytkownika (w przypadku zapisania si\u0119 do newslettera), nasze uzasadnione interesy zwi\u0105zane z prowadzeniem i zabezpieczeniem strony internetowej oraz zgodno\u015b\u0107 z obowi\u0105zuj\u0105cym prawem.<\/p>\n\n\n\n<p class=\"has-medium-font-size\">5. W jaki spos\u00f3b mo\u017cemy udost\u0119pnia\u0107 dane osobowe<\/p>\n\n\n\n<ol start=\"5\" class=\"wp-block-list has-medium-font-size\"><\/ol>\n\n\n\n<p>Fundavia nie sprzedaje ani nie wynajmuje danych osobowych u\u017cytkownik\u00f3w stronom trzecim. Dane osobowe mog\u0105 by\u0107 udost\u0119pniane wy\u0142\u0105cznie w razie konieczno\u015bci, w tym:<\/p>\n\n\n\n<ul class=\"wp-block-list\">\n<li>Z dostawcami us\u0142ug, kt\u00f3rzy pomagaj\u0105 nam w prowadzeniu Witryny (np. hosting, analityka, dostarczanie wiadomo\u015bci e-mail)<\/li>\n\n\n\n<li>Z profesjonalnymi doradcami lub organami regulacyjnymi, je\u015bli jest to wymagane przez prawo<\/li>\n\n\n\n<li>W zwi\u0105zku z transakcj\u0105 korporacyjn\u0105 (np. fuzj\u0105, sprzeda\u017c\u0105 aktyw\u00f3w)<\/li>\n<\/ul>\n\n\n\n<p>Wszystkie strony trzecie, kt\u00f3re przetwarzaj\u0105 dane osobowe w naszym imieniu, s\u0105 zobowi\u0105zane do ich ochrony zgodnie z obowi\u0105zuj\u0105cymi przepisami prawa.<\/p>\n\n\n\n<p class=\"has-medium-font-size\">6. Mi\u0119dzynarodowe przekazywanie danych<\/p>\n\n\n\n<ol start=\"6\" class=\"wp-block-list\"><\/ol>\n\n\n\n<p>Dane osobowe gromadzone w Witrynie mog\u0105 by\u0107 przetwarzane w krajach poza jurysdykcj\u0105 u\u017cytkownika, w tym w krajach, kt\u00f3re mog\u0105 nie mie\u0107 takich samych przepis\u00f3w dotycz\u0105cych ochrony danych jak kraj u\u017cytkownika. W przypadku takiego przekazywania danych zastosujemy odpowiednie zabezpieczenia, takie jak umowy, aby zapewni\u0107 ochron\u0119 danych u\u017cytkownika zgodnie z obowi\u0105zuj\u0105cymi standardami.<\/p>\n\n\n\n<p class=\"has-medium-font-size\">7. Przechowywanie danych<\/p>\n\n\n\n<ol start=\"7\" class=\"wp-block-list\"><\/ol>\n\n\n\n<p>Dane osobowe przechowujemy tylko tak d\u0142ugo, jak jest to konieczne do realizacji cel\u00f3w okre\u015blonych w niniejszej Polityce prywatno\u015bci lub zgodnie z wymogami prawa. Gdy dane osobowe nie s\u0105 ju\u017c potrzebne, s\u0105 one bezpiecznie usuwane lub anonimizowane.<\/p>\n\n\n\n<p class=\"has-medium-font-size\">8. Pliki cookie i podobne technologie<\/p>\n\n\n\n<ol start=\"8\" class=\"wp-block-list\"><\/ol>\n\n\n\n<p>Fundavia wykorzystuje pliki cookie i podobne technologie w celu:<\/p>\n\n\n\n<ul class=\"wp-block-list\">\n<li>Zapewnij prawid\u0142owe dzia\u0142anie strony internetowej.<\/li>\n\n\n\n<li>Przeanalizuj, w jaki spos\u00f3b u\u017cytkownicy poruszaj\u0105 si\u0119 po stronie<\/li>\n\n\n\n<li>Popraw komfort u\u017cytkowania<\/li>\n<\/ul>\n\n\n\n<p>Mo\u017cesz zarz\u0105dza\u0107 plikami cookie lub je wy\u0142\u0105czy\u0107 w ustawieniach przegl\u0105darki, ale mo\u017ce to wp\u0142yn\u0105\u0107 na dzia\u0142anie niekt\u00f3rych funkcji serwisu.<\/p>\n\n\n\n<p class=\"has-medium-font-size\">9. Bezpiecze\u0144stwo danych<\/p>\n\n\n\n<ol start=\"9\" class=\"wp-block-list\"><\/ol>\n\n\n\n<p>Stosujemy odpowiednie \u015brodki techniczne i organizacyjne maj\u0105ce na celu ochron\u0119 danych osobowych przed nieuprawnionym dost\u0119pem, utrat\u0105 lub niew\u0142a\u015bciwym wykorzystaniem. Chocia\u017c dok\u0142adamy wszelkich stara\u0144, aby chroni\u0107 Twoje dane, \u017caden system internetowy nie jest ca\u0142kowicie bezpieczny, a podanie danych osobowych odbywa si\u0119 na w\u0142asne ryzyko.<\/p>\n\n\n\n<p class=\"has-medium-font-size\">10. Twoje prawa wynikaj\u0105ce z przepis\u00f3w o ochronie danych osobowych<\/p>\n\n\n\n<ol start=\"10\" class=\"wp-block-list\"><\/ol>\n\n\n\n<p>W zakresie wymaganym przez prawo, u\u017cytkownik mo\u017ce mie\u0107 prawo do:<\/p>\n\n\n\n<ul class=\"wp-block-list\">\n<li>Uzyskaj dost\u0119p do danych osobowych, kt\u00f3re posiadamy na Tw\u00f3j temat<\/li>\n\n\n\n<li>Wniosek o poprawienie lub usuni\u0119cie danych osobowych<\/li>\n\n\n\n<li>Wniosek o ograniczenie przetwarzania danych<\/li>\n\n\n\n<li>Sprzeciw wobec okre\u015blonego przetwarzania<\/li>\n\n\n\n<li>Wniosek o przeniesienie danych<\/li>\n\n\n\n<li>W ka\u017cdej chwili mo\u017cna wycofa\u0107 zgod\u0119, je\u015bli przetwarzanie danych opiera si\u0119 na zgodzie.<\/li>\n<\/ul>\n\n\n\n<p>Aby skorzysta\u0107 ze swoich praw, mo\u017cesz skontaktowa\u0107 si\u0119 z nami pod adresem info @ fundavia.com .<br><br>W stosownych przypadkach maj\u0105 Pa\u0144stwo r\u00f3wnie\u017c prawo do z\u0142o\u017cenia skargi do odpowiedniego organu ochrony danych.<\/p>\n\n\n\n<p class=\"has-medium-font-size\">11. Linki do zewn\u0119trznych stron internetowych<\/p>\n\n\n\n<ol start=\"11\" class=\"wp-block-list\"><\/ol>\n\n\n\n<p>Fundavia.com mo\u017ce zawiera\u0107 linki do innych stron internetowych lub zasob\u00f3w online. Niniejsza Polityka prywatno\u015bci nie ma zastosowania do praktyk dotycz\u0105cych prywatno\u015bci tych zewn\u0119trznych stron internetowych i zach\u0119camy do zapoznania si\u0119 z ich polityk\u0105 prywatno\u015bci niezale\u017cnie.<\/p>\n\n\n\n<p class=\"has-medium-font-size\">12. Zmiany w niniejszej Polityce prywatno\u015bci<\/p>\n\n\n\n<ol start=\"12\" class=\"wp-block-list\"><\/ol>\n\n\n\n<p>Od czasu do czasu mo\u017cemy aktualizowa\u0107 niniejsz\u0105 Polityk\u0119 prywatno\u015bci, aby odzwierciedli\u0107 zmiany w przepisach prawnych, technologii lub naszych praktykach. Wszelkie aktualizacje b\u0119d\u0105 publikowane na stronie internetowej, a zmieniona polityka b\u0119dzie obowi\u0105zywa\u0107 od daty publikacji.<\/p>\n\n\n\n<p class=\"has-medium-font-size\">13. Dane kontaktowe<\/p>\n\n\n\n<ol start=\"13\" class=\"wp-block-list\"><\/ol>\n\n\n\n<p>Je\u015bli masz pytania, pro\u015bby lub w\u0105tpliwo\u015bci dotycz\u0105ce niniejszej Polityki prywatno\u015bci lub przetwarzania Twoich danych osobowych, skontaktuj si\u0119 z nami pod adresem: info @ fundavia.com .<\/p>","protected":false},"excerpt":{"rendered":"<p>Data wej\u015bcia w \u017cycie: 2 stycznia 2026 r. Niniejsza Polityka prywatno\u015bci wyja\u015bnia, w jaki spos\u00f3b Fundavia (\u201cFundavia\u201d, \u201cmy\u201d, \u201cnasze\u201d lub \u201cnas\u201d) gromadzi, wykorzystuje, przechowuje i<\/p>","protected":false},"author":1,"featured_media":0,"parent":0,"menu_order":0,"comment_status":"closed","ping_status":"open","template":"","meta":{"colormag_page_container_layout":"default_layout","colormag_page_sidebar_layout":"default_layout","footnotes":""},"class_list":["post-817","page","type-page","status-publish","hentry"],"yoast_head":"<!-- This site is optimized with the Yoast SEO plugin v26.6 - https:\/\/yoast.com\/wordpress\/plugins\/seo\/ -->\n<title>Privacy Policy - Fundavia | Funds, ETFs &amp; Institutional Investing<\/title>\n<meta name=\"robots\" content=\"index, follow, max-snippet:-1, max-image-preview:large, max-video-preview:-1\" \/>\n<link rel=\"canonical\" href=\"http:\/\/www.fundavia.com\/pl\/polityka-prywatnosci\/\" \/>\n<meta property=\"og:locale\" content=\"pl_PL\" \/>\n<meta property=\"og:type\" content=\"article\" \/>\n<meta property=\"og:title\" content=\"Privacy Policy - Fundavia | Funds, ETFs &amp; Institutional Investing\" \/>\n<meta property=\"og:description\" content=\"Effective Date: 02 January 2026 This Privacy Policy explains how Fundavia (\u201cFundavia,\u201d \u201cwe,\u201d \u201cour\u201d or \u201cus\u201d) collects, uses, stores and\" \/>\n<meta property=\"og:url\" content=\"http:\/\/www.fundavia.com\/pl\/polityka-prywatnosci\/\" \/>\n<meta property=\"og:site_name\" content=\"Fundavia | Funds, ETFs &amp; Institutional Investing\" \/>\n<meta property=\"article:modified_time\" content=\"2026-01-02T13:24:00+00:00\" \/>\n<meta name=\"twitter:card\" content=\"summary_large_image\" \/>\n<meta name=\"twitter:label1\" content=\"Szacowany czas czytania\" \/>\n\t<meta name=\"twitter:data1\" content=\"5 minut\" \/>\n<script type=\"application\/ld+json\" class=\"yoast-schema-graph\">{\"@context\":\"https:\/\/schema.org\",\"@graph\":[{\"@type\":\"WebPage\",\"@id\":\"http:\/\/www.fundavia.com\/de\/datenschutzerklarung\/\",\"url\":\"http:\/\/www.fundavia.com\/de\/datenschutzerklarung\/\",\"name\":\"Privacy Policy - Fundavia | Funds, ETFs &amp; Institutional Investing\",\"isPartOf\":{\"@id\":\"https:\/\/www.fundavia.com\/pl\/#website\"},\"datePublished\":\"2025-12-17T14:05:43+00:00\",\"dateModified\":\"2026-01-02T13:24:00+00:00\",\"breadcrumb\":{\"@id\":\"http:\/\/www.fundavia.com\/de\/datenschutzerklarung\/#breadcrumb\"},\"inLanguage\":\"pl-PL\",\"potentialAction\":[{\"@type\":\"ReadAction\",\"target\":[\"http:\/\/www.fundavia.com\/de\/datenschutzerklarung\/\"]}]},{\"@type\":\"BreadcrumbList\",\"@id\":\"http:\/\/www.fundavia.com\/de\/datenschutzerklarung\/#breadcrumb\",\"itemListElement\":[{\"@type\":\"ListItem\",\"position\":1,\"name\":\"Home\",\"item\":\"https:\/\/www.fundavia.com\/pl\/\"},{\"@type\":\"ListItem\",\"position\":2,\"name\":\"Privacy Policy\"}]},{\"@type\":\"WebSite\",\"@id\":\"https:\/\/www.fundavia.com\/pl\/#website\",\"url\":\"https:\/\/www.fundavia.com\/pl\/\",\"name\":\"Fundavia | Funds, ETFs & Institutional Investing\",\"description\":\"Fundavia provides deep analysis on ETFs, funds, and institutional investment strategies shaping global financial markets and capital allocation.\",\"publisher\":{\"@id\":\"https:\/\/www.fundavia.com\/pl\/#organization\"},\"potentialAction\":[{\"@type\":\"SearchAction\",\"target\":{\"@type\":\"EntryPoint\",\"urlTemplate\":\"https:\/\/www.fundavia.com\/pl\/?s={search_term_string}\"},\"query-input\":{\"@type\":\"PropertyValueSpecification\",\"valueRequired\":true,\"valueName\":\"search_term_string\"}}],\"inLanguage\":\"pl-PL\"},{\"@type\":\"Organization\",\"@id\":\"https:\/\/www.fundavia.com\/pl\/#organization\",\"name\":\"Fundavia | Funds, ETFs & Institutional Investing\",\"url\":\"https:\/\/www.fundavia.com\/pl\/\",\"logo\":{\"@type\":\"ImageObject\",\"inLanguage\":\"pl-PL\",\"@id\":\"https:\/\/www.fundavia.com\/pl\/#\/schema\/logo\/image\/\",\"url\":\"https:\/\/www.fundavia.com\/wp-content\/uploads\/2025\/12\/fundavia.png\",\"contentUrl\":\"https:\/\/www.fundavia.com\/wp-content\/uploads\/2025\/12\/fundavia.png\",\"width\":251,\"height\":156,\"caption\":\"Fundavia | Funds, ETFs & Institutional Investing\"},\"image\":{\"@id\":\"https:\/\/www.fundavia.com\/pl\/#\/schema\/logo\/image\/\"}}]}<\/script>\n<!-- \/ Yoast SEO plugin. -->","yoast_head_json":{"title":"Polityka prywatno\u015bci \u2013 Fundavia | Fundusze, fundusze ETF i inwestycje instytucjonalne","robots":{"index":"index","follow":"follow","max-snippet":"max-snippet:-1","max-image-preview":"max-image-preview:large","max-video-preview":"max-video-preview:-1"},"canonical":"http:\/\/www.fundavia.com\/pl\/polityka-prywatnosci\/","og_locale":"pl_PL","og_type":"article","og_title":"Privacy Policy - Fundavia | Funds, ETFs &amp; Institutional Investing","og_description":"Effective Date: 02 January 2026 This Privacy Policy explains how Fundavia (\u201cFundavia,\u201d \u201cwe,\u201d \u201cour\u201d or \u201cus\u201d) collects, uses, stores and","og_url":"http:\/\/www.fundavia.com\/pl\/polityka-prywatnosci\/","og_site_name":"Fundavia | Funds, ETFs &amp; Institutional Investing","article_modified_time":"2026-01-02T13:24:00+00:00","twitter_card":"summary_large_image","twitter_misc":{"Szacowany czas czytania":"5 minut"},"schema":{"@context":"https:\/\/schema.org","@graph":[{"@type":"WebPage","@id":"http:\/\/www.fundavia.com\/de\/datenschutzerklarung\/","url":"http:\/\/www.fundavia.com\/de\/datenschutzerklarung\/","name":"Polityka prywatno\u015bci \u2013 Fundavia | Fundusze, fundusze ETF i inwestycje instytucjonalne","isPartOf":{"@id":"https:\/\/www.fundavia.com\/pl\/#website"},"datePublished":"2025-12-17T14:05:43+00:00","dateModified":"2026-01-02T13:24:00+00:00","breadcrumb":{"@id":"http:\/\/www.fundavia.com\/de\/datenschutzerklarung\/#breadcrumb"},"inLanguage":"pl-PL","potentialAction":[{"@type":"ReadAction","target":["http:\/\/www.fundavia.com\/de\/datenschutzerklarung\/"]}]},{"@type":"BreadcrumbList","@id":"http:\/\/www.fundavia.com\/de\/datenschutzerklarung\/#breadcrumb","itemListElement":[{"@type":"ListItem","position":1,"name":"Home","item":"https:\/\/www.fundavia.com\/pl\/"},{"@type":"ListItem","position":2,"name":"Privacy Policy"}]},{"@type":"WebSite","@id":"https:\/\/www.fundavia.com\/pl\/#website","url":"https:\/\/www.fundavia.com\/pl\/","name":"Fundavia | Fundusze, fundusze ETF i inwestycje instytucjonalne","description":"Fundavia zapewnia dog\u0142\u0119bn\u0105 analiz\u0119 funduszy ETF, funduszy inwestycyjnych i strategii inwestycyjnych instytucji kszta\u0142tuj\u0105cych globalne rynki finansowe i alokacj\u0119 kapita\u0142u.","publisher":{"@id":"https:\/\/www.fundavia.com\/pl\/#organization"},"potentialAction":[{"@type":"SearchAction","target":{"@type":"EntryPoint","urlTemplate":"https:\/\/www.fundavia.com\/pl\/?s={search_term_string}"},"query-input":{"@type":"PropertyValueSpecification","valueRequired":true,"valueName":"search_term_string"}}],"inLanguage":"pl-PL"},{"@type":"Organization","@id":"https:\/\/www.fundavia.com\/pl\/#organization","name":"Fundavia | Fundusze, fundusze ETF i inwestycje instytucjonalne","url":"https:\/\/www.fundavia.com\/pl\/","logo":{"@type":"ImageObject","inLanguage":"pl-PL","@id":"https:\/\/www.fundavia.com\/pl\/#\/schema\/logo\/image\/","url":"https:\/\/www.fundavia.com\/wp-content\/uploads\/2025\/12\/fundavia.png","contentUrl":"https:\/\/www.fundavia.com\/wp-content\/uploads\/2025\/12\/fundavia.png","width":251,"height":156,"caption":"Fundavia | Funds, ETFs & Institutional Investing"},"image":{"@id":"https:\/\/www.fundavia.com\/pl\/#\/schema\/logo\/image\/"}}]}},"_links":{"self":[{"href":"https:\/\/www.fundavia.com\/pl\/wp-json\/wp\/v2\/pages\/817","targetHints":{"allow":["GET"]}}],"collection":[{"href":"https:\/\/www.fundavia.com\/pl\/wp-json\/wp\/v2\/pages"}],"about":[{"href":"https:\/\/www.fundavia.com\/pl\/wp-json\/wp\/v2\/types\/page"}],"author":[{"embeddable":true,"href":"https:\/\/www.fundavia.com\/pl\/wp-json\/wp\/v2\/users\/1"}],"replies":[{"embeddable":true,"href":"https:\/\/www.fundavia.com\/pl\/wp-json\/wp\/v2\/comments?post=817"}],"version-history":[{"count":2,"href":"https:\/\/www.fundavia.com\/pl\/wp-json\/wp\/v2\/pages\/817\/revisions"}],"predecessor-version":[{"id":933,"href":"https:\/\/www.fundavia.com\/pl\/wp-json\/wp\/v2\/pages\/817\/revisions\/933"}],"wp:attachment":[{"href":"https:\/\/www.fundavia.com\/pl\/wp-json\/wp\/v2\/media?parent=817"}],"curies":[{"name":"wp","href":"https:\/\/api.w.org\/{rel}","templated":true}]}}