{"id":817,"date":"2025-12-17T14:05:43","date_gmt":"2025-12-17T14:05:43","guid":{"rendered":"https:\/\/www.fundavia.com\/?page_id=817"},"modified":"2026-01-02T13:24:00","modified_gmt":"2026-01-02T13:24:00","slug":"politique-de-confidentialite","status":"publish","type":"page","link":"https:\/\/www.fundavia.com\/fr\/politique-de-confidentialite\/","title":{"rendered":"Politique de confidentialit\u00e9"},"content":{"rendered":"<p><strong>Date d'entr\u00e9e en vigueur<\/strong>: 2 janvier 2026<\/p>\n\n\n\n<p>La pr\u00e9sente politique de confidentialit\u00e9 explique comment Fundavia (\u201c Fundavia \u201d, \u201c nous \u201d, \u201c notre \u201d ou \u201c nos \u201d) collecte, utilise, stocke et prot\u00e8ge les donn\u00e9es personnelles lorsque vous visitez et interagissez avec www.fundavia.com (le \u201c site Web \u201d). Fundavia s'engage \u00e0 traiter vos informations personnelles de mani\u00e8re responsable et transparente, conform\u00e9ment aux lois applicables en mati\u00e8re de protection des donn\u00e9es, notamment celles en vigueur dans l'Union europ\u00e9enne, au Royaume-Uni, en Suisse et dans d'autres r\u00e9gions o\u00f9 des r\u00e8gles de protection des donn\u00e9es s'appliquent.<\/p>\n\n\n\n<p class=\"has-medium-font-size\">1. Qui sommes-nous et comment nous contacter ?<\/p>\n\n\n\n<ol class=\"wp-block-list\"><\/ol>\n\n\n\n<p>Aux fins des lois sur la protection des donn\u00e9es, Fundavia est le responsable du traitement des donn\u00e9es, ce qui signifie que nous d\u00e9terminons les finalit\u00e9s et les moyens du traitement de vos donn\u00e9es personnelles lorsque vous utilisez notre site Web.<br>Si vous avez des questions, des pr\u00e9occupations ou des demandes concernant vos donn\u00e9es personnelles ou la pr\u00e9sente politique, vous pouvez nous contacter \u00e0 l'adresse suivante : <br>info @ fundavia.com .<\/p>\n\n\n\n<p class=\"has-medium-font-size\">2. Champ d'application de la pr\u00e9sente politique<\/p>\n\n\n\n<ol start=\"2\" class=\"wp-block-list\"><\/ol>\n\n\n\n<p>La pr\u00e9sente politique de confidentialit\u00e9 s'applique \u00e0 tous les visiteurs et utilisateurs du site Fundavia.com, que vous lisiez des articles, vous abonniez \u00e0 des newsletters, nous contactiez directement ou interagissiez avec des formulaires sur le site. Elle ne s'applique pas aux sites web, services ou plateformes tiers qui peuvent \u00eatre li\u00e9s au site web. Fundavia n'est pas responsable des pratiques de confidentialit\u00e9 ou du contenu des sites externes que vous pouvez visiter en suivant les liens figurant sur nos pages.<\/p>\n\n\n\n<p class=\"has-medium-font-size\">3. Quelles donn\u00e9es personnelles collectons-nous ?<\/p>\n\n\n\n<ol start=\"3\" class=\"wp-block-list\"><\/ol>\n\n\n\n<p>Nous collectons et traitons les donn\u00e9es personnelles uniquement lorsque cela est n\u00e9cessaire \u00e0 des fins l\u00e9gitimes, notamment :<\/p>\n\n\n\n<p><strong>3.1 Informations que vous nous fournissez<\/strong><\/p>\n\n\n\n<p>Vous pouvez choisir de partager des informations personnelles lorsque vous :<\/p>\n\n\n\n<ul class=\"wp-block-list\">\n<li>Abonnez-vous \u00e0 notre newsletter<\/li>\n\n\n\n<li>Contactez-nous via un formulaire ou par e-mail<\/li>\n\n\n\n<li>Participez \u00e0 des promotions ou \u00e0 des sondages<\/li>\n<\/ul>\n\n\n\n<p>Cela peut inclure des d\u00e9tails tels que :<\/p>\n\n\n\n<ul class=\"wp-block-list\">\n<li>Nom<\/li>\n\n\n\n<li>Adresse \u00e9lectronique<\/li>\n\n\n\n<li>Tout message ou information que vous fournissez lorsque vous communiquez avec nous<\/li>\n<\/ul>\n\n\n\n<p>La fourniture de ces informations est facultative, mais n\u00e9cessaire si vous souhaitez que nous r\u00e9pondions \u00e0 vos messages ou que nous vous fournissions des services tels que des newsletters.<\/p>\n\n\n\n<p><strong>3.2 Informations collect\u00e9es automatiquement<\/strong><\/p>\n\n\n\n<p>Lorsque vous visitez le site Web, certaines informations techniques peuvent \u00eatre collect\u00e9es automatiquement, telles que :<\/p>\n\n\n\n<ul class=\"wp-block-list\">\n<li>adresse IP<\/li>\n\n\n\n<li>Type et version du navigateur<\/li>\n\n\n\n<li>Appareil et syst\u00e8me d'exploitation<\/li>\n\n\n\n<li>Pages consult\u00e9es et donn\u00e9es de navigation<\/li>\n\n\n\n<li>Site ou source de r\u00e9f\u00e9rence<\/li>\n\n\n\n<li>Date et heure d'acc\u00e8s<\/li>\n<\/ul>\n\n\n\n<p>Ces informations ne permettent pas \u00e0 elles seules de vous identifier personnellement, mais elles nous aident \u00e0 am\u00e9liorer les performances, \u00e0 prot\u00e9ger notre site Web et \u00e0 comprendre les habitudes d'utilisation.<\/p>\n\n\n\n<p class=\"has-medium-font-size\">4. Pourquoi traitons-nous des donn\u00e9es \u00e0 caract\u00e8re personnel ?<\/p>\n\n\n\n<ol start=\"4\" class=\"wp-block-list\"><\/ol>\n\n\n\n<p>Nous utilisons les donn\u00e9es personnelles aux fins suivantes :<\/p>\n\n\n\n<ul class=\"wp-block-list\">\n<li>Pour exploiter et administrer le site Web<\/li>\n\n\n\n<li>Pour r\u00e9pondre \u00e0 vos demandes<\/li>\n\n\n\n<li>Pour envoyer des newsletters ou des mises \u00e0 jour si vous vous abonnez<\/li>\n\n\n\n<li>Pour maintenir la s\u00e9curit\u00e9 et l'int\u00e9grit\u00e9 du site Web<\/li>\n\n\n\n<li>Pour comprendre comment le site Web est utilis\u00e9 et am\u00e9liorer son contenu<\/li>\n\n\n\n<li>Pour se conformer aux obligations l\u00e9gales lorsque cela est n\u00e9cessaire<\/li>\n<\/ul>\n\n\n\n<p>Ces finalit\u00e9s sont \u00e9tay\u00e9es par des bases juridiques telles que votre consentement (lorsque vous vous inscrivez \u00e0 la newsletter), nos int\u00e9r\u00eats l\u00e9gitimes dans l'exploitation et la s\u00e9curisation du site web, et le respect de la l\u00e9gislation applicable.<\/p>\n\n\n\n<p class=\"has-medium-font-size\">5. Comment nous pouvons partager les donn\u00e9es personnelles<\/p>\n\n\n\n<ol start=\"5\" class=\"wp-block-list has-medium-font-size\"><\/ol>\n\n\n\n<p>Fundavia ne vend ni ne loue vos donn\u00e9es personnelles \u00e0 des tiers. Les donn\u00e9es personnelles peuvent \u00eatre partag\u00e9es uniquement lorsque cela est n\u00e9cessaire, notamment :<\/p>\n\n\n\n<ul class=\"wp-block-list\">\n<li>Avec les prestataires de services qui nous aident \u00e0 g\u00e9rer le site Web (par exemple, h\u00e9bergement, analyse, envoi d'e-mails)<\/li>\n\n\n\n<li>Avec des conseillers professionnels ou des organismes de r\u00e9glementation si la loi l'exige<\/li>\n\n\n\n<li>Dans le cadre d'une op\u00e9ration commerciale (par exemple, fusion, vente d'actifs)<\/li>\n<\/ul>\n\n\n\n<p>Tous les tiers qui traitent des donn\u00e9es personnelles pour notre compte sont tenus de les prot\u00e9ger conform\u00e9ment aux lois applicables.<\/p>\n\n\n\n<p class=\"has-medium-font-size\">6. Transferts internationaux de donn\u00e9es<\/p>\n\n\n\n<ol start=\"6\" class=\"wp-block-list\"><\/ol>\n\n\n\n<p>Les donn\u00e9es personnelles collect\u00e9es sur le site Web peuvent \u00eatre trait\u00e9es dans des pays situ\u00e9s en dehors de votre juridiction, y compris dans des pays qui ne disposent pas n\u00e9cessairement des m\u00eames lois en mati\u00e8re de protection des donn\u00e9es que votre pays d'origine. Lorsque de tels transferts ont lieu, nous mettons en place des mesures de protection appropri\u00e9es, telles que des accords contractuels, afin de garantir que vos donn\u00e9es restent prot\u00e9g\u00e9es conform\u00e9ment aux normes applicables.<\/p>\n\n\n\n<p class=\"has-medium-font-size\">7. Conservation des donn\u00e9es<\/p>\n\n\n\n<ol start=\"7\" class=\"wp-block-list\"><\/ol>\n\n\n\n<p>Nous conservons les donn\u00e9es personnelles uniquement pendant la dur\u00e9e n\u00e9cessaire \u00e0 la r\u00e9alisation des objectifs d\u00e9crits dans la pr\u00e9sente politique de confidentialit\u00e9 ou conform\u00e9ment aux exigences l\u00e9gales. Lorsque les donn\u00e9es personnelles ne sont plus n\u00e9cessaires, elles sont supprim\u00e9es ou anonymis\u00e9es de mani\u00e8re s\u00e9curis\u00e9e.<\/p>\n\n\n\n<p class=\"has-medium-font-size\">8. Cookies et technologies similaires<\/p>\n\n\n\n<ol start=\"8\" class=\"wp-block-list\"><\/ol>\n\n\n\n<p>Fundavia utilise des cookies et des technologies similaires pour :<\/p>\n\n\n\n<ul class=\"wp-block-list\">\n<li>S'assurer que le site Web fonctionne correctement<\/li>\n\n\n\n<li>Analyser comment les utilisateurs naviguent sur le site<\/li>\n\n\n\n<li>Am\u00e9liorer l'exp\u00e9rience utilisateur<\/li>\n<\/ul>\n\n\n\n<p>Vous pouvez g\u00e9rer ou d\u00e9sactiver les cookies via les param\u00e8tres de votre navigateur, mais cela peut affecter le fonctionnement de certaines fonctionnalit\u00e9s du site Web.<\/p>\n\n\n\n<p class=\"has-medium-font-size\">9. S\u00e9curit\u00e9 des donn\u00e9es<\/p>\n\n\n\n<ol start=\"9\" class=\"wp-block-list\"><\/ol>\n\n\n\n<p>Nous utilisons des mesures techniques et organisationnelles appropri\u00e9es con\u00e7ues pour prot\u00e9ger les donn\u00e9es personnelles contre tout acc\u00e8s non autoris\u00e9, perte ou utilisation abusive. Bien que nous nous efforcions de prot\u00e9ger vos informations, aucun syst\u00e8me Internet n'est totalement s\u00e9curis\u00e9 et vous fournissez vos donn\u00e9es personnelles \u00e0 vos propres risques.<\/p>\n\n\n\n<p class=\"has-medium-font-size\">10. Vos droits en vertu de la loi sur la protection des donn\u00e9es<\/p>\n\n\n\n<ol start=\"10\" class=\"wp-block-list\"><\/ol>\n\n\n\n<p>Dans la mesure requise par la loi, vous pouvez avoir le droit :<\/p>\n\n\n\n<ul class=\"wp-block-list\">\n<li>Acc\u00e9dez aux donn\u00e9es personnelles que nous d\u00e9tenons \u00e0 votre sujet<\/li>\n\n\n\n<li>Demander la correction ou la suppression de donn\u00e9es personnelles<\/li>\n\n\n\n<li>Demander la limitation du traitement<\/li>\n\n\n\n<li>S'opposer \u00e0 certains traitements<\/li>\n\n\n\n<li>Demander la portabilit\u00e9 des donn\u00e9es<\/li>\n\n\n\n<li>Retirer votre consentement \u00e0 tout moment si le traitement est bas\u00e9 sur le consentement<\/li>\n<\/ul>\n\n\n\n<p>Pour exercer vos droits, vous pouvez nous contacter \u00e0 l'adresse info @ fundavia.com .<br><br>Le cas \u00e9ch\u00e9ant, vous avez \u00e9galement le droit de d\u00e9poser une plainte aupr\u00e8s d'une autorit\u00e9 comp\u00e9tente en mati\u00e8re de protection des donn\u00e9es.<\/p>\n\n\n\n<p class=\"has-medium-font-size\">11. Liens vers des sites Web externes<\/p>\n\n\n\n<ol start=\"11\" class=\"wp-block-list\"><\/ol>\n\n\n\n<p>Fundavia.com peut contenir des liens vers d'autres sites Web ou ressources en ligne. La pr\u00e9sente politique de confidentialit\u00e9 ne s'applique pas aux pratiques de confidentialit\u00e9 de ces sites externes, et nous vous encourageons \u00e0 consulter leurs politiques de confidentialit\u00e9 de mani\u00e8re ind\u00e9pendante.<\/p>\n\n\n\n<p class=\"has-medium-font-size\">12. Modifications apport\u00e9es \u00e0 la pr\u00e9sente politique de confidentialit\u00e9<\/p>\n\n\n\n<ol start=\"12\" class=\"wp-block-list\"><\/ol>\n\n\n\n<p>Nous pouvons mettre \u00e0 jour cette politique de confidentialit\u00e9 de temps \u00e0 autre afin de refl\u00e9ter les changements apport\u00e9s \u00e0 la l\u00e9gislation, \u00e0 la technologie ou \u00e0 nos pratiques. Toute mise \u00e0 jour sera publi\u00e9e sur le site Web, et la politique r\u00e9vis\u00e9e s'appliquera \u00e0 compter de la date de publication.<\/p>\n\n\n\n<p class=\"has-medium-font-size\">13. Coordonn\u00e9es<\/p>\n\n\n\n<ol start=\"13\" class=\"wp-block-list\"><\/ol>\n\n\n\n<p>Si vous avez des questions, des demandes ou des pr\u00e9occupations concernant la pr\u00e9sente politique de confidentialit\u00e9 ou le traitement de vos donn\u00e9es personnelles, veuillez nous contacter \u00e0 l'adresse suivante : info @ fundavia.com .<\/p>","protected":false},"excerpt":{"rendered":"<p>Date d'entr\u00e9e en vigueur : 2 janvier 2026 La pr\u00e9sente politique de confidentialit\u00e9 explique comment Fundavia (\u201c Fundavia \u201d, \u201c nous \u201d, \u201c notre \u201d ou \u201c nos \u201d) collecte, utilise, stocke et<\/p>","protected":false},"author":1,"featured_media":0,"parent":0,"menu_order":0,"comment_status":"closed","ping_status":"open","template":"","meta":{"colormag_page_container_layout":"default_layout","colormag_page_sidebar_layout":"default_layout","footnotes":""},"class_list":["post-817","page","type-page","status-publish","hentry"],"yoast_head":"<!-- This site is optimized with the Yoast SEO plugin v26.6 - https:\/\/yoast.com\/wordpress\/plugins\/seo\/ -->\n<title>Privacy Policy - Fundavia | Funds, ETFs &amp; Institutional Investing<\/title>\n<meta name=\"robots\" content=\"index, follow, max-snippet:-1, max-image-preview:large, max-video-preview:-1\" \/>\n<link rel=\"canonical\" href=\"http:\/\/www.fundavia.com\/fr\/politique-de-confidentialite\/\" \/>\n<meta property=\"og:locale\" content=\"fr_FR\" \/>\n<meta property=\"og:type\" content=\"article\" \/>\n<meta property=\"og:title\" content=\"Privacy Policy - Fundavia | Funds, ETFs &amp; Institutional Investing\" \/>\n<meta property=\"og:description\" content=\"Effective Date: 02 January 2026 This Privacy Policy explains how Fundavia (\u201cFundavia,\u201d \u201cwe,\u201d \u201cour\u201d or \u201cus\u201d) collects, uses, stores and\" \/>\n<meta property=\"og:url\" content=\"http:\/\/www.fundavia.com\/fr\/politique-de-confidentialite\/\" \/>\n<meta property=\"og:site_name\" content=\"Fundavia | Funds, ETFs &amp; Institutional Investing\" \/>\n<meta property=\"article:modified_time\" content=\"2026-01-02T13:24:00+00:00\" \/>\n<meta name=\"twitter:card\" content=\"summary_large_image\" \/>\n<meta name=\"twitter:label1\" content=\"Dur\u00e9e de lecture estim\u00e9e\" \/>\n\t<meta name=\"twitter:data1\" content=\"5 minutes\" \/>\n<script type=\"application\/ld+json\" class=\"yoast-schema-graph\">{\"@context\":\"https:\/\/schema.org\",\"@graph\":[{\"@type\":\"WebPage\",\"@id\":\"http:\/\/www.fundavia.com\/de\/datenschutzerklarung\/\",\"url\":\"http:\/\/www.fundavia.com\/de\/datenschutzerklarung\/\",\"name\":\"Privacy Policy - Fundavia | Funds, ETFs &amp; Institutional Investing\",\"isPartOf\":{\"@id\":\"https:\/\/www.fundavia.com\/pl\/#website\"},\"datePublished\":\"2025-12-17T14:05:43+00:00\",\"dateModified\":\"2026-01-02T13:24:00+00:00\",\"breadcrumb\":{\"@id\":\"http:\/\/www.fundavia.com\/de\/datenschutzerklarung\/#breadcrumb\"},\"inLanguage\":\"fr-FR\",\"potentialAction\":[{\"@type\":\"ReadAction\",\"target\":[\"http:\/\/www.fundavia.com\/de\/datenschutzerklarung\/\"]}]},{\"@type\":\"BreadcrumbList\",\"@id\":\"http:\/\/www.fundavia.com\/de\/datenschutzerklarung\/#breadcrumb\",\"itemListElement\":[{\"@type\":\"ListItem\",\"position\":1,\"name\":\"Home\",\"item\":\"https:\/\/www.fundavia.com\/pl\/\"},{\"@type\":\"ListItem\",\"position\":2,\"name\":\"Privacy Policy\"}]},{\"@type\":\"WebSite\",\"@id\":\"https:\/\/www.fundavia.com\/pl\/#website\",\"url\":\"https:\/\/www.fundavia.com\/pl\/\",\"name\":\"Fundavia | Funds, ETFs & Institutional Investing\",\"description\":\"Fundavia provides deep analysis on ETFs, funds, and institutional investment strategies shaping global financial markets and capital allocation.\",\"publisher\":{\"@id\":\"https:\/\/www.fundavia.com\/pl\/#organization\"},\"potentialAction\":[{\"@type\":\"SearchAction\",\"target\":{\"@type\":\"EntryPoint\",\"urlTemplate\":\"https:\/\/www.fundavia.com\/pl\/?s={search_term_string}\"},\"query-input\":{\"@type\":\"PropertyValueSpecification\",\"valueRequired\":true,\"valueName\":\"search_term_string\"}}],\"inLanguage\":\"fr-FR\"},{\"@type\":\"Organization\",\"@id\":\"https:\/\/www.fundavia.com\/pl\/#organization\",\"name\":\"Fundavia | Funds, ETFs & Institutional Investing\",\"url\":\"https:\/\/www.fundavia.com\/pl\/\",\"logo\":{\"@type\":\"ImageObject\",\"inLanguage\":\"fr-FR\",\"@id\":\"https:\/\/www.fundavia.com\/pl\/#\/schema\/logo\/image\/\",\"url\":\"https:\/\/www.fundavia.com\/wp-content\/uploads\/2025\/12\/fundavia.png\",\"contentUrl\":\"https:\/\/www.fundavia.com\/wp-content\/uploads\/2025\/12\/fundavia.png\",\"width\":251,\"height\":156,\"caption\":\"Fundavia | Funds, ETFs & Institutional Investing\"},\"image\":{\"@id\":\"https:\/\/www.fundavia.com\/pl\/#\/schema\/logo\/image\/\"}}]}<\/script>\n<!-- \/ Yoast SEO plugin. -->","yoast_head_json":{"title":"Politique de confidentialit\u00e9 - Fundavia | Fonds, FNB et placements institutionnels","robots":{"index":"index","follow":"follow","max-snippet":"max-snippet:-1","max-image-preview":"max-image-preview:large","max-video-preview":"max-video-preview:-1"},"canonical":"http:\/\/www.fundavia.com\/fr\/politique-de-confidentialite\/","og_locale":"fr_FR","og_type":"article","og_title":"Privacy Policy - Fundavia | Funds, ETFs &amp; Institutional Investing","og_description":"Effective Date: 02 January 2026 This Privacy Policy explains how Fundavia (\u201cFundavia,\u201d \u201cwe,\u201d \u201cour\u201d or \u201cus\u201d) collects, uses, stores and","og_url":"http:\/\/www.fundavia.com\/fr\/politique-de-confidentialite\/","og_site_name":"Fundavia | Funds, ETFs &amp; Institutional Investing","article_modified_time":"2026-01-02T13:24:00+00:00","twitter_card":"summary_large_image","twitter_misc":{"Dur\u00e9e de lecture estim\u00e9e":"5 minutes"},"schema":{"@context":"https:\/\/schema.org","@graph":[{"@type":"WebPage","@id":"http:\/\/www.fundavia.com\/de\/datenschutzerklarung\/","url":"http:\/\/www.fundavia.com\/de\/datenschutzerklarung\/","name":"Politique de confidentialit\u00e9 - Fundavia | Fonds, FNB et placements institutionnels","isPartOf":{"@id":"https:\/\/www.fundavia.com\/pl\/#website"},"datePublished":"2025-12-17T14:05:43+00:00","dateModified":"2026-01-02T13:24:00+00:00","breadcrumb":{"@id":"http:\/\/www.fundavia.com\/de\/datenschutzerklarung\/#breadcrumb"},"inLanguage":"fr-FR","potentialAction":[{"@type":"ReadAction","target":["http:\/\/www.fundavia.com\/de\/datenschutzerklarung\/"]}]},{"@type":"BreadcrumbList","@id":"http:\/\/www.fundavia.com\/de\/datenschutzerklarung\/#breadcrumb","itemListElement":[{"@type":"ListItem","position":1,"name":"Home","item":"https:\/\/www.fundavia.com\/pl\/"},{"@type":"ListItem","position":2,"name":"Privacy Policy"}]},{"@type":"WebSite","@id":"https:\/\/www.fundavia.com\/pl\/#website","url":"https:\/\/www.fundavia.com\/pl\/","name":"Fundavia | Fonds, FNB et investissement institutionnel","description":"Fundavia fournit des analyses approfondies sur les ETF, les fonds et les strat\u00e9gies d'investissement institutionnelles qui fa\u00e7onnent les march\u00e9s financiers mondiaux et l'allocation des capitaux.","publisher":{"@id":"https:\/\/www.fundavia.com\/pl\/#organization"},"potentialAction":[{"@type":"SearchAction","target":{"@type":"EntryPoint","urlTemplate":"https:\/\/www.fundavia.com\/pl\/?s={search_term_string}"},"query-input":{"@type":"PropertyValueSpecification","valueRequired":true,"valueName":"search_term_string"}}],"inLanguage":"fr-FR"},{"@type":"Organization","@id":"https:\/\/www.fundavia.com\/pl\/#organization","name":"Fundavia | Fonds, FNB et investissement institutionnel","url":"https:\/\/www.fundavia.com\/pl\/","logo":{"@type":"ImageObject","inLanguage":"fr-FR","@id":"https:\/\/www.fundavia.com\/pl\/#\/schema\/logo\/image\/","url":"https:\/\/www.fundavia.com\/wp-content\/uploads\/2025\/12\/fundavia.png","contentUrl":"https:\/\/www.fundavia.com\/wp-content\/uploads\/2025\/12\/fundavia.png","width":251,"height":156,"caption":"Fundavia | Funds, ETFs & Institutional Investing"},"image":{"@id":"https:\/\/www.fundavia.com\/pl\/#\/schema\/logo\/image\/"}}]}},"_links":{"self":[{"href":"https:\/\/www.fundavia.com\/fr\/wp-json\/wp\/v2\/pages\/817","targetHints":{"allow":["GET"]}}],"collection":[{"href":"https:\/\/www.fundavia.com\/fr\/wp-json\/wp\/v2\/pages"}],"about":[{"href":"https:\/\/www.fundavia.com\/fr\/wp-json\/wp\/v2\/types\/page"}],"author":[{"embeddable":true,"href":"https:\/\/www.fundavia.com\/fr\/wp-json\/wp\/v2\/users\/1"}],"replies":[{"embeddable":true,"href":"https:\/\/www.fundavia.com\/fr\/wp-json\/wp\/v2\/comments?post=817"}],"version-history":[{"count":2,"href":"https:\/\/www.fundavia.com\/fr\/wp-json\/wp\/v2\/pages\/817\/revisions"}],"predecessor-version":[{"id":933,"href":"https:\/\/www.fundavia.com\/fr\/wp-json\/wp\/v2\/pages\/817\/revisions\/933"}],"wp:attachment":[{"href":"https:\/\/www.fundavia.com\/fr\/wp-json\/wp\/v2\/media?parent=817"}],"curies":[{"name":"wp","href":"https:\/\/api.w.org\/{rel}","templated":true}]}}