{"id":3,"date":"2025-12-17T14:05:43","date_gmt":"2025-12-17T14:05:43","guid":{"rendered":"http:\/\/www.fundavia.com\/?page_id=3"},"modified":"2026-01-02T13:15:45","modified_gmt":"2026-01-02T13:15:45","slug":"conditions-generales","status":"publish","type":"page","link":"https:\/\/www.fundavia.com\/fr\/conditions-generales\/","title":{"rendered":"Conditions g\u00e9n\u00e9rales"},"content":{"rendered":"<p><strong>Date d'entr\u00e9e en vigueur :<\/strong> 2 janvier 2026<\/p>\n\n\n\n<p>Bienvenue chez Fundavia (\u201c Fundavia \u201d, \u201c nous \u201d, \u201c notre \u201d ou \u201c nos \u201d). Les pr\u00e9sentes conditions g\u00e9n\u00e9rales (\u201c Conditions \u201d) expliquent les r\u00e8gles et les attentes relatives \u00e0 l'utilisation du site web www.fundavia.com (le \u201c Site web \u201d). En acc\u00e9dant au Site web ou en l'utilisant, vous confirmez avoir lu, compris et accept\u00e9 d'\u00eatre li\u00e9 par les pr\u00e9sentes Conditions. Si vous n'acceptez pas l'int\u00e9gralit\u00e9 des Conditions, veuillez ne pas utiliser le Site Web.<\/p>\n\n\n\n<p class=\"has-medium-font-size\">1. Ce qu'est Fundavia et ce qu'elle n'est pas<\/p>\n\n\n\n<ol class=\"wp-block-list has-medium-font-size\"><\/ol>\n\n\n\n<p>Fundavia est un magazine en ligne haut de gamme qui propose des analyses approfondies sur les fonds n\u00e9goci\u00e9s en bourse, les fonds communs de placement et les strat\u00e9gies d'investissement adopt\u00e9es par les grands investisseurs institutionnels \u00e0 travers le monde. Que nous \u00e9crivions sur l'essor des ETF actifs, l'\u00e9volution vers les fonds th\u00e9matiques ou le r\u00f4le des produits \u00e0 revenu fixe dans les portefeuilles, notre objectif est de fournir un contexte, une analyse et une perspective qui aident les lecteurs \u00e0 comprendre ce qui fait bouger les march\u00e9s et pourquoi cela est important. Le site web est accessible \u00e0 des fins d'information, d'\u00e9ducation et de commentaire et n'est pas r\u00e9serv\u00e9 aux utilisateurs enregistr\u00e9s ou payants, sauf indication contraire.<\/p>\n\n\n\n<p>Fundavia n'agit pas en tant que conseiller en investissement, courtier, planificateur financier ou fiduciaire, et aucun \u00e9l\u00e9ment figurant sur ce site Web ne doit \u00eatre consid\u00e9r\u00e9 comme un conseil personnalis\u00e9, sur mesure, professionnel ou expert. Le contenu refl\u00e8te des observations et des analyses g\u00e9n\u00e9rales du march\u00e9, et non des recommandations d'achat, de conservation ou de vente de titres ou de strat\u00e9gies. Si vous envisagez de prendre des mesures sur la base des informations contenues dans ce site Web, vous devez d'abord consulter un professionnel qualifi\u00e9 dans le domaine financier, juridique, fiscal ou autre, qui pourra vous conseiller en fonction de votre situation personnelle.<\/p>\n\n\n\n<p class=\"has-medium-font-size\">2. Conditions d'utilisation du site Web<\/p>\n\n\n\n<ol start=\"2\" class=\"wp-block-list\"><\/ol>\n\n\n\n<p>En utilisant le site Web, vous d\u00e9clarez que :<\/p>\n\n\n\n<ul class=\"wp-block-list\">\n<li>Vous avez la capacit\u00e9 juridique de conclure des accords contraignants en vertu des lois de votre juridiction ; et<br><\/li>\n\n\n\n<li>Si vous utilisez le site Web au nom d'une entreprise ou d'une organisation, vous \u00eates autoris\u00e9 \u00e0 lier cette entit\u00e9 aux pr\u00e9sentes Conditions.<\/li>\n<\/ul>\n\n\n\n<p class=\"has-medium-font-size\">3. Absence de conseil professionnel ou de responsabilit\u00e9<\/p>\n\n\n\n<p>Les informations publi\u00e9es sur Fundavia sont fournies \u00e0 titre informatif uniquement et ne constituent en aucun cas des conseils en mati\u00e8re d'investissement, de finance, de droit, de fiscalit\u00e9, de comptabilit\u00e9, de r\u00e9glementation ou tout autre conseil professionnel. Fundavia, ses r\u00e9dacteurs et ses contributeurs ne cautionnent aucun produit, strat\u00e9gie ou service d'investissement, et aucun \u00e9l\u00e9ment contenu sur le site web ne doit \u00eatre interpr\u00e9t\u00e9 comme une recommandation d'achat ou de vente d'un investissement ou de r\u00e9alisation d'une transaction financi\u00e8re.<br><br>Vous comprenez que tout investissement comporte des risques, y compris une perte potentielle de capital, et que vous ne devez pas prendre de d\u00e9cisions sans avoir obtenu les conseils professionnels appropri\u00e9s en fonction de votre situation personnelle. Fundavia n'est pas responsable des pertes, dommages ou autres cons\u00e9quences des d\u00e9cisions prises par vous-m\u00eame ou par d'autres personnes sur la base des informations contenues dans ce site Web ou accessibles via celui-ci.<\/p>\n\n\n\n<p class=\"has-medium-font-size\">4. Propri\u00e9t\u00e9 intellectuelle et utilisation du contenu<\/p>\n\n\n\n<ol start=\"4\" class=\"wp-block-list\"><\/ol>\n\n\n\n<p>Tout le contenu de ce site Web, y compris les textes, graphiques, illustrations, recherches, conceptions, mises en page et logos, est la propri\u00e9t\u00e9 de Fundavia ou fait l'objet d'une licence accord\u00e9e \u00e0 Fundavia et est prot\u00e9g\u00e9 par les lois applicables en mati\u00e8re de propri\u00e9t\u00e9 intellectuelle. Vous disposez d'un droit limit\u00e9, non exclusif et non transf\u00e9rable d'acc\u00e9der et de consulter le contenu \u00e0 des fins personnelles et non commerciales uniquement. Sans notre autorisation \u00e9crite pr\u00e9alable, vous ne pouvez pas copier, reproduire, distribuer, modifier, republier, t\u00e9l\u00e9charger, publier ou utiliser de quelque mani\u00e8re que ce soit tout contenu \u00e0 des fins autres que la consultation et le partage conform\u00e9ment aux pr\u00e9sentes conditions.<\/p>\n\n\n\n<p class=\"has-medium-font-size\">5. Contenu tiers et liens externes<\/p>\n\n\n\n<ol start=\"5\" class=\"wp-block-list\"><\/ol>\n\n\n\n<p>Fundavia peut contenir des liens vers des sites Web, des ressources et des publications tiers. Ceux-ci sont fournis uniquement \u00e0 titre informatif et pour des raisons pratiques. Nous ne contr\u00f4lons pas et ne sommes pas responsables du contenu ou des pratiques des sites externes, et le fait de cr\u00e9er des liens vers ceux-ci n'implique pas que nous approuvons, v\u00e9rifions ou validons leur contenu. Votre d\u00e9cision d'acc\u00e9der \u00e0 du contenu tiers ou de vous y fier est \u00e0 vos propres risques.<\/p>\n\n\n\n<p class=\"has-medium-font-size\">6. Utilisation acceptable<\/p>\n\n\n\n<ol start=\"6\" class=\"wp-block-list has-medium-font-size\"><\/ol>\n\n\n\n<p>Vous acceptez d'utiliser le site Web de mani\u00e8re l\u00e9gale, respectueuse et responsable. En particulier, vous ne devez pas :<\/p>\n\n\n\n<ul class=\"wp-block-list\">\n<li>Enfreindre toute loi ou r\u00e9glementation applicable ;<\/li>\n\n\n\n<li>Enfreindre les droits de Fundavia, de ses contributeurs ou de tiers ;<\/li>\n\n\n\n<li>T\u00e9l\u00e9charger ou transmettre des codes malveillants, des logiciels malveillants ou tout autre contenu nuisible ;<\/li>\n\n\n\n<li>Nuire \u00e0 la disponibilit\u00e9 ou \u00e0 l'int\u00e9grit\u00e9 du site Web ; ou<\/li>\n\n\n\n<li>Tenter de contourner les mesures de s\u00e9curit\u00e9 ou d'obtenir un acc\u00e8s non autoris\u00e9 aux syst\u00e8mes li\u00e9s au site Web.<\/li>\n<\/ul>\n\n\n\n<p>Fundavia se r\u00e9serve le droit de restreindre ou de r\u00e9silier l'acc\u00e8s au site Web \u00e0 sa discr\u00e9tion en cas de violation des pr\u00e9sentes conditions.<\/p>\n\n\n\n<p class=\"has-medium-font-size\">7. Disponibilit\u00e9 et exclusion de garanties<\/p>\n\n\n\n<ol start=\"7\" class=\"wp-block-list\"><\/ol>\n\n\n\n<p>Le site Web et tout son contenu sont fournis \u201c tels quels \u201d et \u201c tels que disponibles \u201d, sans garantie d'aucune sorte, expresse, implicite ou l\u00e9gale. Bien que nous nous efforcions de maintenir l'exactitude et l'actualit\u00e9 des informations, nous ne garantissons pas l'exhaustivit\u00e9, la fiabilit\u00e9, l'actualit\u00e9 ou l'exactitude de tout contenu. L'acc\u00e8s au site Web et son utilisation se font \u00e0 vos propres risques.<\/p>\n\n\n\n<p class=\"has-medium-font-size\">8. Limitation de responsabilit\u00e9<\/p>\n\n\n\n<ol start=\"8\" class=\"wp-block-list\"><\/ol>\n\n\n\n<p>Dans toute la mesure permise par la loi applicable, Fundavia et ses soci\u00e9t\u00e9s affili\u00e9es, partenaires, contributeurs, employ\u00e9s, agents et conc\u00e9dants de licence ne peuvent \u00eatre tenus responsables de toute perte, dommage ou r\u00e9clamation directe ou indirecte d\u00e9coulant de ou li\u00e9e \u00e0 votre utilisation du site Web ou \u00e0 votre confiance dans tout contenu fourni par son interm\u00e9diaire, y compris toute perte d'investissement, de b\u00e9n\u00e9fices, de donn\u00e9es, de revenus ou toute atteinte \u00e0 la r\u00e9putation.<\/p>\n\n\n\n<p class=\"has-medium-font-size\">9. Protection des donn\u00e9es et confidentialit\u00e9<\/p>\n\n\n\n<ol start=\"9\" class=\"wp-block-list\"><\/ol>\n\n\n\n<p>Fundavia collecte et traite les donn\u00e9es personnelles conform\u00e9ment aux lois applicables en mati\u00e8re de protection des donn\u00e9es. Les d\u00e9tails concernant la mani\u00e8re dont nous traitons les informations personnelles sont \u00e9nonc\u00e9s dans la Politique de confidentialit\u00e9, qui fait partie int\u00e9grante des pr\u00e9sentes Conditions par r\u00e9f\u00e9rence.<\/p>\n\n\n\n<p class=\"has-medium-font-size\">10. Modifications apport\u00e9es aux pr\u00e9sentes conditions<\/p>\n\n\n\n<ol start=\"10\" class=\"wp-block-list\"><\/ol>\n\n\n\n<p>Nous pouvons r\u00e9viser ou mettre \u00e0 jour les pr\u00e9sentes Conditions \u00e0 tout moment. Les versions mises \u00e0 jour seront publi\u00e9es sur le Site Web avec leur date d'entr\u00e9e en vigueur. En continuant \u00e0 utiliser le Site Web apr\u00e8s la publication des modifications, vous acceptez les Conditions r\u00e9vis\u00e9es.<\/p>\n\n\n\n<p class=\"has-medium-font-size\">11. Divisibilit\u00e9<\/p>\n\n\n\n<ol start=\"11\" class=\"wp-block-list\"><\/ol>\n\n\n\n<p>Si une partie quelconque des pr\u00e9sentes Conditions est jug\u00e9e invalide ou inapplicable, cette partie sera supprim\u00e9e et le reste restera pleinement en vigueur.<\/p>\n\n\n\n<p class=\"has-medium-font-size\">12. Loi applicable et juridiction comp\u00e9tente<\/p>\n\n\n\n<ol start=\"12\" class=\"wp-block-list\"><\/ol>\n\n\n\n<p>Les pr\u00e9sentes Conditions et votre utilisation du Site web sont r\u00e9gies par les lois de la juridiction dans laquelle Fundavia a son si\u00e8ge social, sans \u00e9gard aux principes de conflit de lois. Les tribunaux comp\u00e9tents de cette juridiction ont comp\u00e9tence exclusive pour r\u00e9soudre tout litige d\u00e9coulant des pr\u00e9sentes Conditions ou de votre utilisation du Site web ou s'y rapportant.<\/p>\n\n\n\n<p class=\"has-medium-font-size\">13. Coordonn\u00e9es<\/p>\n\n\n\n<ol start=\"13\" class=\"wp-block-list\"><\/ol>\n\n\n\n<p>Si vous avez des questions concernant les pr\u00e9sentes Conditions, veuillez nous contacter \u00e0 l'adresse suivante : info @ fundavia.com .<\/p>","protected":false},"excerpt":{"rendered":"<p>Date d'entr\u00e9e en vigueur : 2 janvier 2026 Bienvenue chez Fundavia (\u201c Fundavia \u201d, \u201c nous \u201d, \u201c notre \u201d ou \u201c nos \u201d). Les pr\u00e9sentes conditions g\u00e9n\u00e9rales (\u201c Conditions \u201d) expliquent les<\/p>","protected":false},"author":1,"featured_media":0,"parent":0,"menu_order":0,"comment_status":"closed","ping_status":"open","template":"","meta":{"colormag_page_container_layout":"default_layout","colormag_page_sidebar_layout":"default_layout","footnotes":""},"class_list":["post-3","page","type-page","status-publish","hentry"],"yoast_head":"<!-- This site is optimized with the Yoast SEO plugin v26.6 - https:\/\/yoast.com\/wordpress\/plugins\/seo\/ -->\n<title>Terms and Conditions - Fundavia | Funds, ETFs &amp; Institutional Investing<\/title>\n<meta name=\"robots\" content=\"index, follow, max-snippet:-1, max-image-preview:large, max-video-preview:-1\" \/>\n<link rel=\"canonical\" href=\"http:\/\/www.fundavia.com\/fr\/conditions-generales\/\" \/>\n<meta property=\"og:locale\" content=\"fr_FR\" \/>\n<meta property=\"og:type\" content=\"article\" \/>\n<meta property=\"og:title\" content=\"Terms and Conditions - Fundavia | Funds, ETFs &amp; Institutional Investing\" \/>\n<meta property=\"og:description\" content=\"Effective Date: 02 January 2026 Welcome to Fundavia (\u201cFundavia,\u201d \u201cwe,\u201d \u201cour\u201d or \u201cus\u201d). These Terms and Conditions (\u201cTerms\u201d) explain the\" \/>\n<meta property=\"og:url\" content=\"http:\/\/www.fundavia.com\/fr\/conditions-generales\/\" \/>\n<meta property=\"og:site_name\" content=\"Fundavia | Funds, ETFs &amp; Institutional Investing\" \/>\n<meta property=\"article:modified_time\" content=\"2026-01-02T13:15:45+00:00\" \/>\n<meta name=\"twitter:card\" content=\"summary_large_image\" \/>\n<meta name=\"twitter:label1\" content=\"Dur\u00e9e de lecture estim\u00e9e\" \/>\n\t<meta name=\"twitter:data1\" content=\"5 minutes\" \/>\n<script type=\"application\/ld+json\" class=\"yoast-schema-graph\">{\"@context\":\"https:\/\/schema.org\",\"@graph\":[{\"@type\":\"WebPage\",\"@id\":\"http:\/\/www.fundavia.com\/es\/terminos-y-condiciones\/\",\"url\":\"http:\/\/www.fundavia.com\/es\/terminos-y-condiciones\/\",\"name\":\"Terms and Conditions - Fundavia | Funds, ETFs &amp; Institutional Investing\",\"isPartOf\":{\"@id\":\"https:\/\/www.fundavia.com\/pl\/#website\"},\"datePublished\":\"2025-12-17T14:05:43+00:00\",\"dateModified\":\"2026-01-02T13:15:45+00:00\",\"breadcrumb\":{\"@id\":\"http:\/\/www.fundavia.com\/es\/terminos-y-condiciones\/#breadcrumb\"},\"inLanguage\":\"fr-FR\",\"potentialAction\":[{\"@type\":\"ReadAction\",\"target\":[\"http:\/\/www.fundavia.com\/es\/terminos-y-condiciones\/\"]}]},{\"@type\":\"BreadcrumbList\",\"@id\":\"http:\/\/www.fundavia.com\/es\/terminos-y-condiciones\/#breadcrumb\",\"itemListElement\":[{\"@type\":\"ListItem\",\"position\":1,\"name\":\"Home\",\"item\":\"https:\/\/www.fundavia.com\/pl\/\"},{\"@type\":\"ListItem\",\"position\":2,\"name\":\"Terms and Conditions\"}]},{\"@type\":\"WebSite\",\"@id\":\"https:\/\/www.fundavia.com\/pl\/#website\",\"url\":\"https:\/\/www.fundavia.com\/pl\/\",\"name\":\"Fundavia | Funds, ETFs & Institutional Investing\",\"description\":\"Fundavia provides deep analysis on ETFs, funds, and institutional investment strategies shaping global financial markets and capital allocation.\",\"publisher\":{\"@id\":\"https:\/\/www.fundavia.com\/pl\/#organization\"},\"potentialAction\":[{\"@type\":\"SearchAction\",\"target\":{\"@type\":\"EntryPoint\",\"urlTemplate\":\"https:\/\/www.fundavia.com\/pl\/?s={search_term_string}\"},\"query-input\":{\"@type\":\"PropertyValueSpecification\",\"valueRequired\":true,\"valueName\":\"search_term_string\"}}],\"inLanguage\":\"fr-FR\"},{\"@type\":\"Organization\",\"@id\":\"https:\/\/www.fundavia.com\/pl\/#organization\",\"name\":\"Fundavia | Funds, ETFs & Institutional Investing\",\"url\":\"https:\/\/www.fundavia.com\/pl\/\",\"logo\":{\"@type\":\"ImageObject\",\"inLanguage\":\"fr-FR\",\"@id\":\"https:\/\/www.fundavia.com\/pl\/#\/schema\/logo\/image\/\",\"url\":\"https:\/\/www.fundavia.com\/wp-content\/uploads\/2025\/12\/fundavia.png\",\"contentUrl\":\"https:\/\/www.fundavia.com\/wp-content\/uploads\/2025\/12\/fundavia.png\",\"width\":251,\"height\":156,\"caption\":\"Fundavia | Funds, ETFs & Institutional Investing\"},\"image\":{\"@id\":\"https:\/\/www.fundavia.com\/pl\/#\/schema\/logo\/image\/\"}}]}<\/script>\n<!-- \/ Yoast SEO plugin. -->","yoast_head_json":{"title":"Conditions g\u00e9n\u00e9rales - Fundavia | Fonds, FNB et placements institutionnels","robots":{"index":"index","follow":"follow","max-snippet":"max-snippet:-1","max-image-preview":"max-image-preview:large","max-video-preview":"max-video-preview:-1"},"canonical":"http:\/\/www.fundavia.com\/fr\/conditions-generales\/","og_locale":"fr_FR","og_type":"article","og_title":"Terms and Conditions - Fundavia | Funds, ETFs &amp; Institutional Investing","og_description":"Effective Date: 02 January 2026 Welcome to Fundavia (\u201cFundavia,\u201d \u201cwe,\u201d \u201cour\u201d or \u201cus\u201d). These Terms and Conditions (\u201cTerms\u201d) explain the","og_url":"http:\/\/www.fundavia.com\/fr\/conditions-generales\/","og_site_name":"Fundavia | Funds, ETFs &amp; Institutional Investing","article_modified_time":"2026-01-02T13:15:45+00:00","twitter_card":"summary_large_image","twitter_misc":{"Dur\u00e9e de lecture estim\u00e9e":"5 minutes"},"schema":{"@context":"https:\/\/schema.org","@graph":[{"@type":"WebPage","@id":"http:\/\/www.fundavia.com\/es\/terminos-y-condiciones\/","url":"http:\/\/www.fundavia.com\/es\/terminos-y-condiciones\/","name":"Conditions g\u00e9n\u00e9rales - Fundavia | Fonds, FNB et placements institutionnels","isPartOf":{"@id":"https:\/\/www.fundavia.com\/pl\/#website"},"datePublished":"2025-12-17T14:05:43+00:00","dateModified":"2026-01-02T13:15:45+00:00","breadcrumb":{"@id":"http:\/\/www.fundavia.com\/es\/terminos-y-condiciones\/#breadcrumb"},"inLanguage":"fr-FR","potentialAction":[{"@type":"ReadAction","target":["http:\/\/www.fundavia.com\/es\/terminos-y-condiciones\/"]}]},{"@type":"BreadcrumbList","@id":"http:\/\/www.fundavia.com\/es\/terminos-y-condiciones\/#breadcrumb","itemListElement":[{"@type":"ListItem","position":1,"name":"Home","item":"https:\/\/www.fundavia.com\/pl\/"},{"@type":"ListItem","position":2,"name":"Terms and Conditions"}]},{"@type":"WebSite","@id":"https:\/\/www.fundavia.com\/pl\/#website","url":"https:\/\/www.fundavia.com\/pl\/","name":"Fundavia | Fonds, FNB et investissement institutionnel","description":"Fundavia fournit des analyses approfondies sur les ETF, les fonds et les strat\u00e9gies d'investissement institutionnelles qui fa\u00e7onnent les march\u00e9s financiers mondiaux et l'allocation des capitaux.","publisher":{"@id":"https:\/\/www.fundavia.com\/pl\/#organization"},"potentialAction":[{"@type":"SearchAction","target":{"@type":"EntryPoint","urlTemplate":"https:\/\/www.fundavia.com\/pl\/?s={search_term_string}"},"query-input":{"@type":"PropertyValueSpecification","valueRequired":true,"valueName":"search_term_string"}}],"inLanguage":"fr-FR"},{"@type":"Organization","@id":"https:\/\/www.fundavia.com\/pl\/#organization","name":"Fundavia | Fonds, FNB et investissement institutionnel","url":"https:\/\/www.fundavia.com\/pl\/","logo":{"@type":"ImageObject","inLanguage":"fr-FR","@id":"https:\/\/www.fundavia.com\/pl\/#\/schema\/logo\/image\/","url":"https:\/\/www.fundavia.com\/wp-content\/uploads\/2025\/12\/fundavia.png","contentUrl":"https:\/\/www.fundavia.com\/wp-content\/uploads\/2025\/12\/fundavia.png","width":251,"height":156,"caption":"Fundavia | Funds, ETFs & Institutional Investing"},"image":{"@id":"https:\/\/www.fundavia.com\/pl\/#\/schema\/logo\/image\/"}}]}},"_links":{"self":[{"href":"https:\/\/www.fundavia.com\/fr\/wp-json\/wp\/v2\/pages\/3","targetHints":{"allow":["GET"]}}],"collection":[{"href":"https:\/\/www.fundavia.com\/fr\/wp-json\/wp\/v2\/pages"}],"about":[{"href":"https:\/\/www.fundavia.com\/fr\/wp-json\/wp\/v2\/types\/page"}],"author":[{"embeddable":true,"href":"https:\/\/www.fundavia.com\/fr\/wp-json\/wp\/v2\/users\/1"}],"replies":[{"embeddable":true,"href":"https:\/\/www.fundavia.com\/fr\/wp-json\/wp\/v2\/comments?post=3"}],"version-history":[{"count":3,"href":"https:\/\/www.fundavia.com\/fr\/wp-json\/wp\/v2\/pages\/3\/revisions"}],"predecessor-version":[{"id":931,"href":"https:\/\/www.fundavia.com\/fr\/wp-json\/wp\/v2\/pages\/3\/revisions\/931"}],"wp:attachment":[{"href":"https:\/\/www.fundavia.com\/fr\/wp-json\/wp\/v2\/media?parent=3"}],"curies":[{"name":"wp","href":"https:\/\/api.w.org\/{rel}","templated":true}]}}