{"id":817,"date":"2025-12-17T14:05:43","date_gmt":"2025-12-17T14:05:43","guid":{"rendered":"https:\/\/www.fundavia.com\/?page_id=817"},"modified":"2026-01-02T13:24:00","modified_gmt":"2026-01-02T13:24:00","slug":"politica-de-privacidad","status":"publish","type":"page","link":"https:\/\/www.fundavia.com\/es\/politica-de-privacidad\/","title":{"rendered":"Pol\u00edtica de privacidad"},"content":{"rendered":"<p><strong>Fecha de entrada en vigor<\/strong>: 2 de enero de 2026<\/p>\n\n\n\n<p>La presente Pol\u00edtica de privacidad explica c\u00f3mo Fundavia (\u201cFundavia\u201d, \u201cnosotros\u201d, \u201cnuestro\u201d o \u201cnos\u201d) recopila, utiliza, almacena y protege los datos personales cuando usted visita e interact\u00faa con www.fundavia.com (el \u201csitio web\u201d). Fundavia se compromete a tratar su informaci\u00f3n personal de forma responsable y transparente, de conformidad con las leyes de protecci\u00f3n de datos aplicables, incluidas las de la Uni\u00f3n Europea, el Reino Unido, Suiza y otras regiones en las que se aplican normas de protecci\u00f3n de datos.<\/p>\n\n\n\n<p class=\"has-medium-font-size\">1. Qui\u00e9nes somos y c\u00f3mo ponerse en contacto con nosotros<\/p>\n\n\n\n<ol class=\"wp-block-list\"><\/ol>\n\n\n\n<p>A efectos de las leyes de protecci\u00f3n de datos, Fundavia es el responsable del tratamiento de los datos, lo que significa que determinamos los fines y los medios del tratamiento de sus datos personales cuando utiliza nuestro sitio web.<br>Si tiene alguna pregunta, duda o solicitud sobre sus datos personales o esta pol\u00edtica, puede ponerse en contacto con nosotros en: <br>info @ fundavia.com .<\/p>\n\n\n\n<p class=\"has-medium-font-size\">2. \u00c1mbito de aplicaci\u00f3n de la presente pol\u00edtica<\/p>\n\n\n\n<ol start=\"2\" class=\"wp-block-list\"><\/ol>\n\n\n\n<p>Esta Pol\u00edtica de privacidad se aplica a todos los visitantes y usuarios de Fundavia.com, ya sea que est\u00e9n leyendo art\u00edculos, suscribi\u00e9ndose a boletines informativos, contact\u00e1ndonos directamente o interactuando con cualquier formulario del sitio. No se aplica a sitios web, servicios o plataformas de terceros que puedan estar vinculados desde el sitio web. Fundavia no se hace responsable de las pr\u00e1cticas de privacidad ni del contenido de ning\u00fan sitio externo que usted pueda visitar siguiendo los enlaces de nuestras p\u00e1ginas.<\/p>\n\n\n\n<p class=\"has-medium-font-size\">3. Qu\u00e9 datos personales recopilamos<\/p>\n\n\n\n<ol start=\"3\" class=\"wp-block-list\"><\/ol>\n\n\n\n<p>Recopilamos y procesamos datos personales solo cuando es necesario para fines leg\u00edtimos, entre los que se incluyen:<\/p>\n\n\n\n<p><strong>3.1 Informaci\u00f3n que usted nos proporciona<\/strong><\/p>\n\n\n\n<p>Usted puede optar por compartir informaci\u00f3n personal cuando:<\/p>\n\n\n\n<ul class=\"wp-block-list\">\n<li>Suscr\u00edbase a nuestro bolet\u00edn informativo<\/li>\n\n\n\n<li>Cont\u00e1ctenos a trav\u00e9s de un formulario o correo electr\u00f3nico.<\/li>\n\n\n\n<li>Participar en promociones o encuestas<\/li>\n<\/ul>\n\n\n\n<p>Esto puede incluir detalles tales como:<\/p>\n\n\n\n<ul class=\"wp-block-list\">\n<li>Nombre<\/li>\n\n\n\n<li>Direcci\u00f3n de correo electr\u00f3nico<\/li>\n\n\n\n<li>Cualquier mensaje o informaci\u00f3n que nos proporcione cuando se comunique con nosotros.<\/li>\n<\/ul>\n\n\n\n<p>Proporcionar esta informaci\u00f3n es opcional, pero necesario si desea que respondamos a sus mensajes o le prestemos servicios como boletines informativos.<\/p>\n\n\n\n<p><strong>3.2 Informaci\u00f3n recopilada autom\u00e1ticamente<\/strong><\/p>\n\n\n\n<p>Cuando visita el sitio web, es posible que se recopile autom\u00e1ticamente cierta informaci\u00f3n t\u00e9cnica, como por ejemplo:<\/p>\n\n\n\n<ul class=\"wp-block-list\">\n<li>Direcci\u00f3n IP<\/li>\n\n\n\n<li>Tipo y versi\u00f3n del navegador<\/li>\n\n\n\n<li>Dispositivo y sistema operativo<\/li>\n\n\n\n<li>P\u00e1ginas visitadas y datos de navegaci\u00f3n<\/li>\n\n\n\n<li>Sitio o fuente de referencia<\/li>\n\n\n\n<li>Fecha y hora de acceso<\/li>\n<\/ul>\n\n\n\n<p>Esta informaci\u00f3n por s\u00ed sola no le identifica personalmente, pero nos ayuda a mejorar el rendimiento, proteger nuestro sitio web y comprender los patrones de uso.<\/p>\n\n\n\n<p class=\"has-medium-font-size\">4. Por qu\u00e9 tratamos datos personales<\/p>\n\n\n\n<ol start=\"4\" class=\"wp-block-list\"><\/ol>\n\n\n\n<p>Utilizamos los datos personales para los siguientes fines:<\/p>\n\n\n\n<ul class=\"wp-block-list\">\n<li>Para operar y administrar el sitio web.<\/li>\n\n\n\n<li>Para responder a sus consultas<\/li>\n\n\n\n<li>Para enviar boletines informativos o actualizaciones si te suscribes.<\/li>\n\n\n\n<li>Para mantener la seguridad y la integridad del sitio web.<\/li>\n\n\n\n<li>Para comprender c\u00f3mo se utiliza el sitio web y mejorar su contenido.<\/li>\n\n\n\n<li>Cumplir con las obligaciones legales cuando sea necesario.<\/li>\n<\/ul>\n\n\n\n<p>Estos fines se basan en fundamentos jur\u00eddicos tales como su consentimiento (cuando se suscribe a los boletines informativos), nuestros intereses leg\u00edtimos en gestionar y proteger el sitio web, y el cumplimiento de la legislaci\u00f3n aplicable.<\/p>\n\n\n\n<p class=\"has-medium-font-size\">5. C\u00f3mo podemos compartir datos personales<\/p>\n\n\n\n<ol start=\"5\" class=\"wp-block-list has-medium-font-size\"><\/ol>\n\n\n\n<p>Fundavia no vende ni alquila sus datos personales a terceros. Los datos personales solo se pueden compartir cuando sea necesario, incluyendo:<\/p>\n\n\n\n<ul class=\"wp-block-list\">\n<li>Con proveedores de servicios que nos ayudan a gestionar el sitio web (por ejemplo, alojamiento, an\u00e1lisis, env\u00edo de correos electr\u00f3nicos).<\/li>\n\n\n\n<li>Con asesores profesionales o reguladores, si as\u00ed lo exige la ley.<\/li>\n\n\n\n<li>En relaci\u00f3n con una transacci\u00f3n corporativa (por ejemplo, fusi\u00f3n, venta de activos)<\/li>\n<\/ul>\n\n\n\n<p>Todos los terceros que procesan datos personales en nuestro nombre est\u00e1n obligados a protegerlos de conformidad con la legislaci\u00f3n aplicable.<\/p>\n\n\n\n<p class=\"has-medium-font-size\">6. Transferencias internacionales de datos<\/p>\n\n\n\n<ol start=\"6\" class=\"wp-block-list\"><\/ol>\n\n\n\n<p>Los datos personales recopilados en el sitio web pueden ser procesados en pa\u00edses fuera de su propia jurisdicci\u00f3n, incluidos pa\u00edses que pueden no tener las mismas leyes de protecci\u00f3n de datos que su pa\u00eds de origen. Cuando se produzcan dichas transferencias, utilizaremos las medidas de seguridad adecuadas, como acuerdos contractuales, para garantizar que sus datos sigan estando protegidos de acuerdo con las normas aplicables.<\/p>\n\n\n\n<p class=\"has-medium-font-size\">7. Conservaci\u00f3n de datos<\/p>\n\n\n\n<ol start=\"7\" class=\"wp-block-list\"><\/ol>\n\n\n\n<p>Conservamos los datos personales solo durante el tiempo necesario para cumplir con los fines descritos en esta Pol\u00edtica de privacidad o seg\u00fan lo exija la ley. Cuando los datos personales ya no son necesarios, se eliminan de forma segura o se anonimizan.<\/p>\n\n\n\n<p class=\"has-medium-font-size\">8. Cookies y tecnolog\u00edas similares<\/p>\n\n\n\n<ol start=\"8\" class=\"wp-block-list\"><\/ol>\n\n\n\n<p>Fundavia utiliza cookies y tecnolog\u00edas similares para:<\/p>\n\n\n\n<ul class=\"wp-block-list\">\n<li>Aseg\u00farese de que el sitio web funcione correctamente.<\/li>\n\n\n\n<li>Analizar c\u00f3mo navegan los usuarios por el sitio web.<\/li>\n\n\n\n<li>Mejorar la experiencia del usuario<\/li>\n<\/ul>\n\n\n\n<p>Puede gestionar o desactivar las cookies a trav\u00e9s de la configuraci\u00f3n de su navegador, aunque esto puede afectar al funcionamiento de algunas funciones del sitio web.<\/p>\n\n\n\n<p class=\"has-medium-font-size\">9. Seguridad de los datos<\/p>\n\n\n\n<ol start=\"9\" class=\"wp-block-list\"><\/ol>\n\n\n\n<p>Utilizamos medidas t\u00e9cnicas y organizativas adecuadas dise\u00f1adas para proteger los datos personales contra el acceso no autorizado, la p\u00e9rdida o el uso indebido. Aunque nos esforzamos por proteger su informaci\u00f3n, ning\u00fan sistema de Internet es completamente seguro, por lo que usted proporciona sus datos personales bajo su propia responsabilidad.<\/p>\n\n\n\n<p class=\"has-medium-font-size\">10. Sus derechos en virtud de la ley de protecci\u00f3n de datos<\/p>\n\n\n\n<ol start=\"10\" class=\"wp-block-list\"><\/ol>\n\n\n\n<p>En la medida en que lo exija la ley, usted puede tener derecho a:<\/p>\n\n\n\n<ul class=\"wp-block-list\">\n<li>Acceda a los datos personales que tenemos sobre usted.<\/li>\n\n\n\n<li>Solicitar la correcci\u00f3n o eliminaci\u00f3n de datos personales<\/li>\n\n\n\n<li>Solicitar restricci\u00f3n del tratamiento<\/li>\n\n\n\n<li>Oponerse a determinados tratamientos<\/li>\n\n\n\n<li>Solicitar la portabilidad de datos<\/li>\n\n\n\n<li>Retirar el consentimiento en cualquier momento si el tratamiento se basa en el consentimiento.<\/li>\n<\/ul>\n\n\n\n<p>Para ejercer sus derechos, puede ponerse en contacto con nosotros en info @ fundavia.com .<br><br>Cuando proceda, tambi\u00e9n tiene derecho a presentar una reclamaci\u00f3n ante la autoridad de protecci\u00f3n de datos competente.<\/p>\n\n\n\n<p class=\"has-medium-font-size\">11. Enlaces a sitios web externos<\/p>\n\n\n\n<ol start=\"11\" class=\"wp-block-list\"><\/ol>\n\n\n\n<p>Fundavia.com puede contener enlaces a otros sitios web o recursos en l\u00ednea. Esta Pol\u00edtica de privacidad no se aplica a las pr\u00e1cticas de privacidad de esos sitios externos, y le recomendamos que revise sus pol\u00edticas de privacidad de forma independiente.<\/p>\n\n\n\n<p class=\"has-medium-font-size\">12. Cambios en esta Pol\u00edtica de privacidad<\/p>\n\n\n\n<ol start=\"12\" class=\"wp-block-list\"><\/ol>\n\n\n\n<p>Podemos actualizar esta Pol\u00edtica de privacidad peri\u00f3dicamente para reflejar cambios en la legislaci\u00f3n, la tecnolog\u00eda o nuestras pr\u00e1cticas. Cualquier actualizaci\u00f3n se publicar\u00e1 en el sitio web, y la pol\u00edtica revisada se aplicar\u00e1 a partir de la fecha de publicaci\u00f3n.<\/p>\n\n\n\n<p class=\"has-medium-font-size\">13. Informaci\u00f3n de contacto<\/p>\n\n\n\n<ol start=\"13\" class=\"wp-block-list\"><\/ol>\n\n\n\n<p>Si tiene alguna pregunta, solicitud o inquietud sobre esta Pol\u00edtica de privacidad o el tratamiento de sus datos personales, p\u00f3ngase en contacto con nosotros en: info @ fundavia.com .<\/p>","protected":false},"excerpt":{"rendered":"<p>Fecha de entrada en vigor: 2 de enero de 2026. La presente Pol\u00edtica de privacidad explica c\u00f3mo Fundavia (\u201cFundavia\u201d, \u201cnosotros\u201d, \u201cnuestro\u201d o \u201cnos\u201d) recopila, utiliza, almacena y<\/p>","protected":false},"author":1,"featured_media":0,"parent":0,"menu_order":0,"comment_status":"closed","ping_status":"open","template":"","meta":{"colormag_page_container_layout":"default_layout","colormag_page_sidebar_layout":"default_layout","footnotes":""},"class_list":["post-817","page","type-page","status-publish","hentry"],"yoast_head":"<!-- This site is optimized with the Yoast SEO plugin v26.6 - https:\/\/yoast.com\/wordpress\/plugins\/seo\/ -->\n<title>Privacy Policy - Fundavia | Funds, ETFs &amp; Institutional Investing<\/title>\n<meta name=\"robots\" content=\"index, follow, max-snippet:-1, max-image-preview:large, max-video-preview:-1\" \/>\n<link rel=\"canonical\" href=\"http:\/\/www.fundavia.com\/es\/politica-de-privacidad\/\" \/>\n<meta property=\"og:locale\" content=\"es_ES\" \/>\n<meta property=\"og:type\" content=\"article\" \/>\n<meta property=\"og:title\" content=\"Privacy Policy - Fundavia | Funds, ETFs &amp; Institutional Investing\" \/>\n<meta property=\"og:description\" content=\"Effective Date: 02 January 2026 This Privacy Policy explains how Fundavia (\u201cFundavia,\u201d \u201cwe,\u201d \u201cour\u201d or \u201cus\u201d) collects, uses, stores and\" \/>\n<meta property=\"og:url\" content=\"http:\/\/www.fundavia.com\/es\/politica-de-privacidad\/\" \/>\n<meta property=\"og:site_name\" content=\"Fundavia | Funds, ETFs &amp; Institutional Investing\" \/>\n<meta property=\"article:modified_time\" content=\"2026-01-02T13:24:00+00:00\" \/>\n<meta name=\"twitter:card\" content=\"summary_large_image\" \/>\n<meta name=\"twitter:label1\" content=\"Tiempo de lectura\" \/>\n\t<meta name=\"twitter:data1\" content=\"5 minutos\" \/>\n<script type=\"application\/ld+json\" class=\"yoast-schema-graph\">{\"@context\":\"https:\/\/schema.org\",\"@graph\":[{\"@type\":\"WebPage\",\"@id\":\"http:\/\/www.fundavia.com\/de\/datenschutzerklarung\/\",\"url\":\"http:\/\/www.fundavia.com\/de\/datenschutzerklarung\/\",\"name\":\"Privacy Policy - Fundavia | Funds, ETFs &amp; Institutional Investing\",\"isPartOf\":{\"@id\":\"https:\/\/www.fundavia.com\/pl\/#website\"},\"datePublished\":\"2025-12-17T14:05:43+00:00\",\"dateModified\":\"2026-01-02T13:24:00+00:00\",\"breadcrumb\":{\"@id\":\"http:\/\/www.fundavia.com\/de\/datenschutzerklarung\/#breadcrumb\"},\"inLanguage\":\"es\",\"potentialAction\":[{\"@type\":\"ReadAction\",\"target\":[\"http:\/\/www.fundavia.com\/de\/datenschutzerklarung\/\"]}]},{\"@type\":\"BreadcrumbList\",\"@id\":\"http:\/\/www.fundavia.com\/de\/datenschutzerklarung\/#breadcrumb\",\"itemListElement\":[{\"@type\":\"ListItem\",\"position\":1,\"name\":\"Home\",\"item\":\"https:\/\/www.fundavia.com\/pl\/\"},{\"@type\":\"ListItem\",\"position\":2,\"name\":\"Privacy Policy\"}]},{\"@type\":\"WebSite\",\"@id\":\"https:\/\/www.fundavia.com\/pl\/#website\",\"url\":\"https:\/\/www.fundavia.com\/pl\/\",\"name\":\"Fundavia | Funds, ETFs & Institutional Investing\",\"description\":\"Fundavia provides deep analysis on ETFs, funds, and institutional investment strategies shaping global financial markets and capital allocation.\",\"publisher\":{\"@id\":\"https:\/\/www.fundavia.com\/pl\/#organization\"},\"potentialAction\":[{\"@type\":\"SearchAction\",\"target\":{\"@type\":\"EntryPoint\",\"urlTemplate\":\"https:\/\/www.fundavia.com\/pl\/?s={search_term_string}\"},\"query-input\":{\"@type\":\"PropertyValueSpecification\",\"valueRequired\":true,\"valueName\":\"search_term_string\"}}],\"inLanguage\":\"es\"},{\"@type\":\"Organization\",\"@id\":\"https:\/\/www.fundavia.com\/pl\/#organization\",\"name\":\"Fundavia | Funds, ETFs & Institutional Investing\",\"url\":\"https:\/\/www.fundavia.com\/pl\/\",\"logo\":{\"@type\":\"ImageObject\",\"inLanguage\":\"es\",\"@id\":\"https:\/\/www.fundavia.com\/pl\/#\/schema\/logo\/image\/\",\"url\":\"https:\/\/www.fundavia.com\/wp-content\/uploads\/2025\/12\/fundavia.png\",\"contentUrl\":\"https:\/\/www.fundavia.com\/wp-content\/uploads\/2025\/12\/fundavia.png\",\"width\":251,\"height\":156,\"caption\":\"Fundavia | Funds, ETFs & Institutional Investing\"},\"image\":{\"@id\":\"https:\/\/www.fundavia.com\/pl\/#\/schema\/logo\/image\/\"}}]}<\/script>\n<!-- \/ Yoast SEO plugin. -->","yoast_head_json":{"title":"Pol\u00edtica de privacidad - Fundavia | Fondos, ETF e inversi\u00f3n institucional","robots":{"index":"index","follow":"follow","max-snippet":"max-snippet:-1","max-image-preview":"max-image-preview:large","max-video-preview":"max-video-preview:-1"},"canonical":"http:\/\/www.fundavia.com\/es\/politica-de-privacidad\/","og_locale":"es_ES","og_type":"article","og_title":"Privacy Policy - Fundavia | Funds, ETFs &amp; Institutional Investing","og_description":"Effective Date: 02 January 2026 This Privacy Policy explains how Fundavia (\u201cFundavia,\u201d \u201cwe,\u201d \u201cour\u201d or \u201cus\u201d) collects, uses, stores and","og_url":"http:\/\/www.fundavia.com\/es\/politica-de-privacidad\/","og_site_name":"Fundavia | Funds, ETFs &amp; Institutional Investing","article_modified_time":"2026-01-02T13:24:00+00:00","twitter_card":"summary_large_image","twitter_misc":{"Tiempo de lectura":"5 minutos"},"schema":{"@context":"https:\/\/schema.org","@graph":[{"@type":"WebPage","@id":"http:\/\/www.fundavia.com\/de\/datenschutzerklarung\/","url":"http:\/\/www.fundavia.com\/de\/datenschutzerklarung\/","name":"Pol\u00edtica de privacidad - Fundavia | Fondos, ETF e inversi\u00f3n institucional","isPartOf":{"@id":"https:\/\/www.fundavia.com\/pl\/#website"},"datePublished":"2025-12-17T14:05:43+00:00","dateModified":"2026-01-02T13:24:00+00:00","breadcrumb":{"@id":"http:\/\/www.fundavia.com\/de\/datenschutzerklarung\/#breadcrumb"},"inLanguage":"es","potentialAction":[{"@type":"ReadAction","target":["http:\/\/www.fundavia.com\/de\/datenschutzerklarung\/"]}]},{"@type":"BreadcrumbList","@id":"http:\/\/www.fundavia.com\/de\/datenschutzerklarung\/#breadcrumb","itemListElement":[{"@type":"ListItem","position":1,"name":"Home","item":"https:\/\/www.fundavia.com\/pl\/"},{"@type":"ListItem","position":2,"name":"Privacy Policy"}]},{"@type":"WebSite","@id":"https:\/\/www.fundavia.com\/pl\/#website","url":"https:\/\/www.fundavia.com\/pl\/","name":"Fundavia | Fondos, ETF e inversi\u00f3n institucional","description":"Fundavia ofrece an\u00e1lisis exhaustivos sobre los ETF, los fondos y las estrategias de inversi\u00f3n institucional que configuran los mercados financieros mundiales y la asignaci\u00f3n de capital.","publisher":{"@id":"https:\/\/www.fundavia.com\/pl\/#organization"},"potentialAction":[{"@type":"SearchAction","target":{"@type":"EntryPoint","urlTemplate":"https:\/\/www.fundavia.com\/pl\/?s={search_term_string}"},"query-input":{"@type":"PropertyValueSpecification","valueRequired":true,"valueName":"search_term_string"}}],"inLanguage":"es"},{"@type":"Organization","@id":"https:\/\/www.fundavia.com\/pl\/#organization","name":"Fundavia | Fondos, ETF e inversi\u00f3n institucional","url":"https:\/\/www.fundavia.com\/pl\/","logo":{"@type":"ImageObject","inLanguage":"es","@id":"https:\/\/www.fundavia.com\/pl\/#\/schema\/logo\/image\/","url":"https:\/\/www.fundavia.com\/wp-content\/uploads\/2025\/12\/fundavia.png","contentUrl":"https:\/\/www.fundavia.com\/wp-content\/uploads\/2025\/12\/fundavia.png","width":251,"height":156,"caption":"Fundavia | Funds, ETFs & Institutional Investing"},"image":{"@id":"https:\/\/www.fundavia.com\/pl\/#\/schema\/logo\/image\/"}}]}},"_links":{"self":[{"href":"https:\/\/www.fundavia.com\/es\/wp-json\/wp\/v2\/pages\/817","targetHints":{"allow":["GET"]}}],"collection":[{"href":"https:\/\/www.fundavia.com\/es\/wp-json\/wp\/v2\/pages"}],"about":[{"href":"https:\/\/www.fundavia.com\/es\/wp-json\/wp\/v2\/types\/page"}],"author":[{"embeddable":true,"href":"https:\/\/www.fundavia.com\/es\/wp-json\/wp\/v2\/users\/1"}],"replies":[{"embeddable":true,"href":"https:\/\/www.fundavia.com\/es\/wp-json\/wp\/v2\/comments?post=817"}],"version-history":[{"count":2,"href":"https:\/\/www.fundavia.com\/es\/wp-json\/wp\/v2\/pages\/817\/revisions"}],"predecessor-version":[{"id":933,"href":"https:\/\/www.fundavia.com\/es\/wp-json\/wp\/v2\/pages\/817\/revisions\/933"}],"wp:attachment":[{"href":"https:\/\/www.fundavia.com\/es\/wp-json\/wp\/v2\/media?parent=817"}],"curies":[{"name":"wp","href":"https:\/\/api.w.org\/{rel}","templated":true}]}}