{"id":817,"date":"2025-12-17T14:05:43","date_gmt":"2025-12-17T14:05:43","guid":{"rendered":"https:\/\/www.fundavia.com\/?page_id=817"},"modified":"2026-01-02T13:24:00","modified_gmt":"2026-01-02T13:24:00","slug":"datenschutzerklarung","status":"publish","type":"page","link":"https:\/\/www.fundavia.com\/de\/datenschutzerklarung\/","title":{"rendered":"Datenschutzerkl\u00e4rung"},"content":{"rendered":"<p><strong>Datum des Inkrafttretens<\/strong>: 02. Januar 2026<\/p>\n\n\n\n<p>Diese Datenschutzerkl\u00e4rung erl\u00e4utert, wie Fundavia (\u201cFundavia\u201d, \u201cwir\u201d, \u201cunser\u201d oder \u201cuns\u201d) personenbezogene Daten erfasst, verwendet, speichert und sch\u00fctzt, wenn Sie www.fundavia.com (die \u201cWebsite\u201d) besuchen und mit ihr interagieren. Fundavia verpflichtet sich, Ihre personenbezogenen Daten verantwortungsbewusst und transparent in \u00dcbereinstimmung mit den geltenden Datenschutzgesetzen zu behandeln, einschlie\u00dflich derjenigen in der Europ\u00e4ischen Union, im Vereinigten K\u00f6nigreich, in der Schweiz und anderen Regionen, in denen Datenschutzbestimmungen gelten.<\/p>\n\n\n\n<p class=\"has-medium-font-size\">1. Wer wir sind und wie Sie uns kontaktieren k\u00f6nnen<\/p>\n\n\n\n<ol class=\"wp-block-list\"><\/ol>\n\n\n\n<p>Im Sinne der Datenschutzgesetze ist Fundavia der Datenverantwortliche, d. h. wir legen die Zwecke und Mittel der Verarbeitung Ihrer personenbezogenen Daten fest, wenn Sie unsere Website nutzen.<br>Wenn Sie Fragen, Bedenken oder W\u00fcnsche zu Ihren personenbezogenen Daten oder dieser Richtlinie haben, k\u00f6nnen Sie uns unter folgender Adresse erreichen: <br>info @ fundavia.com .<\/p>\n\n\n\n<p class=\"has-medium-font-size\">2. Geltungsbereich dieser Richtlinie<\/p>\n\n\n\n<ol start=\"2\" class=\"wp-block-list\"><\/ol>\n\n\n\n<p>Diese Datenschutzerkl\u00e4rung gilt f\u00fcr alle Besucher und Nutzer von Fundavia.com, unabh\u00e4ngig davon, ob Sie Artikel lesen, Newsletter abonnieren, direkt mit uns in Kontakt treten oder mit Formularen auf der Website interagieren. Sie gilt nicht f\u00fcr Websites, Dienste oder Plattformen Dritter, die m\u00f6glicherweise mit der Website verlinkt sind. Fundavia ist nicht verantwortlich f\u00fcr die Datenschutzpraktiken oder Inhalte externer Websites, die Sie \u00fcber Links auf unseren Seiten besuchen.<\/p>\n\n\n\n<p class=\"has-medium-font-size\">3. Welche personenbezogenen Daten wir erheben<\/p>\n\n\n\n<ol start=\"3\" class=\"wp-block-list\"><\/ol>\n\n\n\n<p>Wir erheben und verarbeiten personenbezogene Daten nur, wenn dies f\u00fcr legitime Zwecke erforderlich ist, darunter:<\/p>\n\n\n\n<p><strong>3.1 Informationen, die Sie uns zur Verf\u00fcgung stellen<\/strong><\/p>\n\n\n\n<p>Sie k\u00f6nnen sich daf\u00fcr entscheiden, personenbezogene Daten weiterzugeben, wenn Sie:<\/p>\n\n\n\n<ul class=\"wp-block-list\">\n<li>Abonnieren Sie unseren Newsletter<\/li>\n\n\n\n<li>Kontaktieren Sie uns \u00fcber ein Formular oder per E-Mail.<\/li>\n\n\n\n<li>An Werbeaktionen oder Umfragen teilnehmen<\/li>\n<\/ul>\n\n\n\n<p>Dies kann folgende Angaben umfassen:<\/p>\n\n\n\n<ul class=\"wp-block-list\">\n<li>Name<\/li>\n\n\n\n<li>E-Mail-Adresse<\/li>\n\n\n\n<li>Alle Nachrichten oder Informationen, die Sie uns im Rahmen der Kommunikation mit uns \u00fcbermitteln<\/li>\n<\/ul>\n\n\n\n<p>Die Angabe dieser Informationen ist freiwillig, jedoch erforderlich, wenn Sie m\u00f6chten, dass wir auf Ihre Nachrichten antworten oder Ihnen Dienste wie Newsletter bereitstellen.<\/p>\n\n\n\n<p><strong>3.2 Automatisch erfasste Informationen<\/strong><\/p>\n\n\n\n<p>Wenn Sie die Website besuchen, werden m\u00f6glicherweise automatisch bestimmte technische Informationen erfasst, darunter:<\/p>\n\n\n\n<ul class=\"wp-block-list\">\n<li>IP-Adresse<\/li>\n\n\n\n<li>Browsertyp und -version<\/li>\n\n\n\n<li>Ger\u00e4t und Betriebssystem<\/li>\n\n\n\n<li>Aufgerufene Seiten und Navigationsdaten<\/li>\n\n\n\n<li>Verweisende Website oder Quelle<\/li>\n\n\n\n<li>Datum und Uhrzeit des Zugriffs<\/li>\n<\/ul>\n\n\n\n<p>Diese Informationen identifizieren Sie nicht pers\u00f6nlich, helfen uns jedoch dabei, die Leistung zu verbessern, unsere Website zu sch\u00fctzen und Nutzungsmuster zu verstehen.<\/p>\n\n\n\n<p class=\"has-medium-font-size\">4. Warum wir personenbezogene Daten verarbeiten<\/p>\n\n\n\n<ol start=\"4\" class=\"wp-block-list\"><\/ol>\n\n\n\n<p>Wir verwenden personenbezogene Daten f\u00fcr folgende Zwecke:<\/p>\n\n\n\n<ul class=\"wp-block-list\">\n<li>Betrieb und Verwaltung der Website<\/li>\n\n\n\n<li>Um auf Ihre Anfragen zu antworten<\/li>\n\n\n\n<li>Um Newsletter oder Updates zu versenden, wenn Sie sich anmelden<\/li>\n\n\n\n<li>Zur Aufrechterhaltung der Sicherheit und Integrit\u00e4t der Website<\/li>\n\n\n\n<li>Um zu verstehen, wie die Website genutzt wird, und um deren Inhalt zu verbessern<\/li>\n\n\n\n<li>Zur Einhaltung gesetzlicher Verpflichtungen, wo erforderlich<\/li>\n<\/ul>\n\n\n\n<p>Diese Zwecke werden durch Rechtsgrundlagen wie Ihre Einwilligung (wenn Sie sich f\u00fcr Newsletter anmelden), unsere berechtigten Interessen an der Betrieb und Sicherung der Website sowie die Einhaltung geltender Gesetze gest\u00fctzt.<\/p>\n\n\n\n<p class=\"has-medium-font-size\">5. Wie wir personenbezogene Daten weitergeben k\u00f6nnen<\/p>\n\n\n\n<ol start=\"5\" class=\"wp-block-list has-medium-font-size\"><\/ol>\n\n\n\n<p>Fundavia verkauft oder vermietet Ihre personenbezogenen Daten nicht an Dritte. Personenbezogene Daten d\u00fcrfen nur bei Bedarf weitergegeben werden, darunter:<\/p>\n\n\n\n<ul class=\"wp-block-list\">\n<li>Mit Dienstleistern, die uns beim Betrieb der Website unterst\u00fctzen (z. B. Hosting, Analysen, E-Mail-Versand)<\/li>\n\n\n\n<li>Mit professionellen Beratern oder Aufsichtsbeh\u00f6rden, wenn gesetzlich vorgeschrieben<\/li>\n\n\n\n<li>Im Zusammenhang mit einer Unternehmenstransaktion (z. B. Fusion, Verkauf von Verm\u00f6genswerten)<\/li>\n<\/ul>\n\n\n\n<p>Alle Dritten, die personenbezogene Daten in unserem Auftrag verarbeiten, sind verpflichtet, diese gem\u00e4\u00df den geltenden Gesetzen zu sch\u00fctzen.<\/p>\n\n\n\n<p class=\"has-medium-font-size\">6. Internationale Daten\u00fcbermittlungen<\/p>\n\n\n\n<ol start=\"6\" class=\"wp-block-list\"><\/ol>\n\n\n\n<p>Auf der Website erhobene personenbezogene Daten k\u00f6nnen in L\u00e4ndern au\u00dferhalb Ihres eigenen Rechtsraums verarbeitet werden, darunter auch in L\u00e4ndern, in denen m\u00f6glicherweise nicht dieselben Datenschutzgesetze gelten wie in Ihrem Heimatland. Bei solchen Daten\u00fcbermittlungen werden wir geeignete Sicherheitsvorkehrungen treffen, beispielsweise durch vertragliche Vereinbarungen, um sicherzustellen, dass Ihre Daten gem\u00e4\u00df den geltenden Standards gesch\u00fctzt bleiben.<\/p>\n\n\n\n<p class=\"has-medium-font-size\">7. Datenaufbewahrung<\/p>\n\n\n\n<ol start=\"7\" class=\"wp-block-list\"><\/ol>\n\n\n\n<p>Wir speichern personenbezogene Daten nur so lange, wie es zur Erf\u00fcllung der in dieser Datenschutzerkl\u00e4rung genannten Zwecke erforderlich ist oder wie es gesetzlich vorgeschrieben ist. Wenn personenbezogene Daten nicht mehr ben\u00f6tigt werden, werden sie sicher gel\u00f6scht oder anonymisiert.<\/p>\n\n\n\n<p class=\"has-medium-font-size\">8. Cookies und \u00e4hnliche Technologien<\/p>\n\n\n\n<ol start=\"8\" class=\"wp-block-list\"><\/ol>\n\n\n\n<p>Fundavia verwendet Cookies und \u00e4hnliche Technologien, um:<\/p>\n\n\n\n<ul class=\"wp-block-list\">\n<li>Stellen Sie sicher, dass die Website ordnungsgem\u00e4\u00df funktioniert.<\/li>\n\n\n\n<li>Analysieren Sie, wie Nutzer auf der Website navigieren.<\/li>\n\n\n\n<li>Verbessern Sie die Benutzererfahrung<\/li>\n<\/ul>\n\n\n\n<p>Sie k\u00f6nnen Cookies \u00fcber Ihre Browsereinstellungen verwalten oder deaktivieren, was jedoch Auswirkungen auf die Funktionsweise einiger Funktionen der Website haben kann.<\/p>\n\n\n\n<p class=\"has-medium-font-size\">9. Datensicherheit<\/p>\n\n\n\n<ol start=\"9\" class=\"wp-block-list\"><\/ol>\n\n\n\n<p>Wir verwenden geeignete technische und organisatorische Ma\u00dfnahmen, um personenbezogene Daten vor unbefugtem Zugriff, Verlust oder Missbrauch zu sch\u00fctzen. Obwohl wir uns bem\u00fchen, Ihre Daten zu sch\u00fctzen, ist kein Internetsystem vollkommen sicher, und Sie geben personenbezogene Daten auf eigenes Risiko weiter.<\/p>\n\n\n\n<p class=\"has-medium-font-size\">10. Ihre Rechte gem\u00e4\u00df dem Datenschutzgesetz<\/p>\n\n\n\n<ol start=\"10\" class=\"wp-block-list\"><\/ol>\n\n\n\n<p>Soweit gesetzlich vorgeschrieben, haben Sie m\u00f6glicherweise das Recht:<\/p>\n\n\n\n<ul class=\"wp-block-list\">\n<li>Zugriff auf die personenbezogenen Daten, die wir \u00fcber Sie gespeichert haben<\/li>\n\n\n\n<li>Korrektur oder L\u00f6schung personenbezogener Daten beantragen<\/li>\n\n\n\n<li>Verarbeitung einschr\u00e4nken<\/li>\n\n\n\n<li>Bestimmten Verarbeitungen widersprechen<\/li>\n\n\n\n<li>Daten\u00fcbertragbarkeit beantragen<\/li>\n\n\n\n<li>Widerrufen Sie Ihre Einwilligung jederzeit, wenn die Verarbeitung auf Ihrer Einwilligung basiert.<\/li>\n<\/ul>\n\n\n\n<p>Um Ihre Rechte auszu\u00fcben, k\u00f6nnen Sie uns unter info @ fundavia.com kontaktieren. .<br><br>Gegebenenfalls haben Sie auch das Recht, eine Beschwerde bei einer zust\u00e4ndigen Datenschutzbeh\u00f6rde einzureichen.<\/p>\n\n\n\n<p class=\"has-medium-font-size\">11. Links zu externen Websites<\/p>\n\n\n\n<ol start=\"11\" class=\"wp-block-list\"><\/ol>\n\n\n\n<p>Fundavia.com kann Links zu anderen Websites oder Online-Ressourcen enthalten. Diese Datenschutzerkl\u00e4rung gilt nicht f\u00fcr die Datenschutzpraktiken dieser externen Websites. Wir empfehlen Ihnen, deren Datenschutzerkl\u00e4rungen unabh\u00e4ngig zu \u00fcberpr\u00fcfen.<\/p>\n\n\n\n<p class=\"has-medium-font-size\">12. \u00c4nderungen dieser Datenschutzerkl\u00e4rung<\/p>\n\n\n\n<ol start=\"12\" class=\"wp-block-list\"><\/ol>\n\n\n\n<p>Wir k\u00f6nnen diese Datenschutzerkl\u00e4rung von Zeit zu Zeit aktualisieren, um \u00c4nderungen in der Gesetzgebung, Technologie oder unseren Praktiken Rechnung zu tragen. Alle Aktualisierungen werden auf der Website ver\u00f6ffentlicht, und die \u00fcberarbeitete Erkl\u00e4rung gilt ab dem Datum der Ver\u00f6ffentlichung.<\/p>\n\n\n\n<p class=\"has-medium-font-size\">13. Kontaktdaten<\/p>\n\n\n\n<ol start=\"13\" class=\"wp-block-list\"><\/ol>\n\n\n\n<p>Wenn Sie Fragen, W\u00fcnsche oder Bedenken zu dieser Datenschutzerkl\u00e4rung oder zum Umgang mit Ihren personenbezogenen Daten haben, wenden Sie sich bitte an: info @ fundavia.com .<\/p>","protected":false},"excerpt":{"rendered":"<p>G\u00fcltig ab: 02. Januar 2026 Diese Datenschutzerkl\u00e4rung erl\u00e4utert, wie Fundavia (\u201cFundavia\u201d, \u201cwir\u201d, \u201cunser\u201d oder \u201cuns\u201d) Daten sammelt, verwendet, speichert und<\/p>","protected":false},"author":1,"featured_media":0,"parent":0,"menu_order":0,"comment_status":"closed","ping_status":"open","template":"","meta":{"colormag_page_container_layout":"default_layout","colormag_page_sidebar_layout":"default_layout","footnotes":""},"class_list":["post-817","page","type-page","status-publish","hentry"],"yoast_head":"<!-- This site is optimized with the Yoast SEO plugin v26.6 - https:\/\/yoast.com\/wordpress\/plugins\/seo\/ -->\n<title>Privacy Policy - Fundavia | Funds, ETFs &amp; Institutional Investing<\/title>\n<meta name=\"robots\" content=\"index, follow, max-snippet:-1, max-image-preview:large, max-video-preview:-1\" \/>\n<link rel=\"canonical\" href=\"http:\/\/www.fundavia.com\/de\/datenschutzerklarung\/\" \/>\n<meta property=\"og:locale\" content=\"de_DE\" \/>\n<meta property=\"og:type\" content=\"article\" \/>\n<meta property=\"og:title\" content=\"Privacy Policy - Fundavia | Funds, ETFs &amp; Institutional Investing\" \/>\n<meta property=\"og:description\" content=\"Effective Date: 02 January 2026 This Privacy Policy explains how Fundavia (\u201cFundavia,\u201d \u201cwe,\u201d \u201cour\u201d or \u201cus\u201d) collects, uses, stores and\" \/>\n<meta property=\"og:url\" content=\"http:\/\/www.fundavia.com\/de\/datenschutzerklarung\/\" \/>\n<meta property=\"og:site_name\" content=\"Fundavia | Funds, ETFs &amp; Institutional Investing\" \/>\n<meta property=\"article:modified_time\" content=\"2026-01-02T13:24:00+00:00\" \/>\n<meta name=\"twitter:card\" content=\"summary_large_image\" \/>\n<meta name=\"twitter:label1\" content=\"Gesch\u00e4tzte Lesezeit\" \/>\n\t<meta name=\"twitter:data1\" content=\"5\u00a0Minuten\" \/>\n<script type=\"application\/ld+json\" class=\"yoast-schema-graph\">{\"@context\":\"https:\/\/schema.org\",\"@graph\":[{\"@type\":\"WebPage\",\"@id\":\"http:\/\/www.fundavia.com\/de\/datenschutzerklarung\/\",\"url\":\"http:\/\/www.fundavia.com\/de\/datenschutzerklarung\/\",\"name\":\"Privacy Policy - Fundavia | Funds, ETFs &amp; Institutional Investing\",\"isPartOf\":{\"@id\":\"https:\/\/www.fundavia.com\/pl\/#website\"},\"datePublished\":\"2025-12-17T14:05:43+00:00\",\"dateModified\":\"2026-01-02T13:24:00+00:00\",\"breadcrumb\":{\"@id\":\"http:\/\/www.fundavia.com\/de\/datenschutzerklarung\/#breadcrumb\"},\"inLanguage\":\"de\",\"potentialAction\":[{\"@type\":\"ReadAction\",\"target\":[\"http:\/\/www.fundavia.com\/de\/datenschutzerklarung\/\"]}]},{\"@type\":\"BreadcrumbList\",\"@id\":\"http:\/\/www.fundavia.com\/de\/datenschutzerklarung\/#breadcrumb\",\"itemListElement\":[{\"@type\":\"ListItem\",\"position\":1,\"name\":\"Home\",\"item\":\"https:\/\/www.fundavia.com\/pl\/\"},{\"@type\":\"ListItem\",\"position\":2,\"name\":\"Privacy Policy\"}]},{\"@type\":\"WebSite\",\"@id\":\"https:\/\/www.fundavia.com\/pl\/#website\",\"url\":\"https:\/\/www.fundavia.com\/pl\/\",\"name\":\"Fundavia | Funds, ETFs & Institutional Investing\",\"description\":\"Fundavia provides deep analysis on ETFs, funds, and institutional investment strategies shaping global financial markets and capital allocation.\",\"publisher\":{\"@id\":\"https:\/\/www.fundavia.com\/pl\/#organization\"},\"potentialAction\":[{\"@type\":\"SearchAction\",\"target\":{\"@type\":\"EntryPoint\",\"urlTemplate\":\"https:\/\/www.fundavia.com\/pl\/?s={search_term_string}\"},\"query-input\":{\"@type\":\"PropertyValueSpecification\",\"valueRequired\":true,\"valueName\":\"search_term_string\"}}],\"inLanguage\":\"de\"},{\"@type\":\"Organization\",\"@id\":\"https:\/\/www.fundavia.com\/pl\/#organization\",\"name\":\"Fundavia | Funds, ETFs & Institutional Investing\",\"url\":\"https:\/\/www.fundavia.com\/pl\/\",\"logo\":{\"@type\":\"ImageObject\",\"inLanguage\":\"de\",\"@id\":\"https:\/\/www.fundavia.com\/pl\/#\/schema\/logo\/image\/\",\"url\":\"https:\/\/www.fundavia.com\/wp-content\/uploads\/2025\/12\/fundavia.png\",\"contentUrl\":\"https:\/\/www.fundavia.com\/wp-content\/uploads\/2025\/12\/fundavia.png\",\"width\":251,\"height\":156,\"caption\":\"Fundavia | Funds, ETFs & Institutional Investing\"},\"image\":{\"@id\":\"https:\/\/www.fundavia.com\/pl\/#\/schema\/logo\/image\/\"}}]}<\/script>\n<!-- \/ Yoast SEO plugin. -->","yoast_head_json":{"title":"Datenschutzerkl\u00e4rung \u2013 Fundavia | Fonds, ETFs und institutionelle Anlagen","robots":{"index":"index","follow":"follow","max-snippet":"max-snippet:-1","max-image-preview":"max-image-preview:large","max-video-preview":"max-video-preview:-1"},"canonical":"http:\/\/www.fundavia.com\/de\/datenschutzerklarung\/","og_locale":"de_DE","og_type":"article","og_title":"Privacy Policy - Fundavia | Funds, ETFs &amp; Institutional Investing","og_description":"Effective Date: 02 January 2026 This Privacy Policy explains how Fundavia (\u201cFundavia,\u201d \u201cwe,\u201d \u201cour\u201d or \u201cus\u201d) collects, uses, stores and","og_url":"http:\/\/www.fundavia.com\/de\/datenschutzerklarung\/","og_site_name":"Fundavia | Funds, ETFs &amp; Institutional Investing","article_modified_time":"2026-01-02T13:24:00+00:00","twitter_card":"summary_large_image","twitter_misc":{"Gesch\u00e4tzte Lesezeit":"5\u00a0Minuten"},"schema":{"@context":"https:\/\/schema.org","@graph":[{"@type":"WebPage","@id":"http:\/\/www.fundavia.com\/de\/datenschutzerklarung\/","url":"http:\/\/www.fundavia.com\/de\/datenschutzerklarung\/","name":"Datenschutzerkl\u00e4rung \u2013 Fundavia | Fonds, ETFs und institutionelle Anlagen","isPartOf":{"@id":"https:\/\/www.fundavia.com\/pl\/#website"},"datePublished":"2025-12-17T14:05:43+00:00","dateModified":"2026-01-02T13:24:00+00:00","breadcrumb":{"@id":"http:\/\/www.fundavia.com\/de\/datenschutzerklarung\/#breadcrumb"},"inLanguage":"de","potentialAction":[{"@type":"ReadAction","target":["http:\/\/www.fundavia.com\/de\/datenschutzerklarung\/"]}]},{"@type":"BreadcrumbList","@id":"http:\/\/www.fundavia.com\/de\/datenschutzerklarung\/#breadcrumb","itemListElement":[{"@type":"ListItem","position":1,"name":"Home","item":"https:\/\/www.fundavia.com\/pl\/"},{"@type":"ListItem","position":2,"name":"Privacy Policy"}]},{"@type":"WebSite","@id":"https:\/\/www.fundavia.com\/pl\/#website","url":"https:\/\/www.fundavia.com\/pl\/","name":"Fundavia | Fonds, ETFs und institutionelle Anlagen","description":"Fundavia bietet fundierte Analysen zu ETFs, Fonds und institutionellen Anlagestrategien, die die globalen Finanzm\u00e4rkte und die Kapitalallokation pr\u00e4gen.","publisher":{"@id":"https:\/\/www.fundavia.com\/pl\/#organization"},"potentialAction":[{"@type":"SearchAction","target":{"@type":"EntryPoint","urlTemplate":"https:\/\/www.fundavia.com\/pl\/?s={search_term_string}"},"query-input":{"@type":"PropertyValueSpecification","valueRequired":true,"valueName":"search_term_string"}}],"inLanguage":"de"},{"@type":"Organization","@id":"https:\/\/www.fundavia.com\/pl\/#organization","name":"Fundavia | Fonds, ETFs und institutionelle Anlagen","url":"https:\/\/www.fundavia.com\/pl\/","logo":{"@type":"ImageObject","inLanguage":"de","@id":"https:\/\/www.fundavia.com\/pl\/#\/schema\/logo\/image\/","url":"https:\/\/www.fundavia.com\/wp-content\/uploads\/2025\/12\/fundavia.png","contentUrl":"https:\/\/www.fundavia.com\/wp-content\/uploads\/2025\/12\/fundavia.png","width":251,"height":156,"caption":"Fundavia | Funds, ETFs & Institutional Investing"},"image":{"@id":"https:\/\/www.fundavia.com\/pl\/#\/schema\/logo\/image\/"}}]}},"_links":{"self":[{"href":"https:\/\/www.fundavia.com\/de\/wp-json\/wp\/v2\/pages\/817","targetHints":{"allow":["GET"]}}],"collection":[{"href":"https:\/\/www.fundavia.com\/de\/wp-json\/wp\/v2\/pages"}],"about":[{"href":"https:\/\/www.fundavia.com\/de\/wp-json\/wp\/v2\/types\/page"}],"author":[{"embeddable":true,"href":"https:\/\/www.fundavia.com\/de\/wp-json\/wp\/v2\/users\/1"}],"replies":[{"embeddable":true,"href":"https:\/\/www.fundavia.com\/de\/wp-json\/wp\/v2\/comments?post=817"}],"version-history":[{"count":2,"href":"https:\/\/www.fundavia.com\/de\/wp-json\/wp\/v2\/pages\/817\/revisions"}],"predecessor-version":[{"id":933,"href":"https:\/\/www.fundavia.com\/de\/wp-json\/wp\/v2\/pages\/817\/revisions\/933"}],"wp:attachment":[{"href":"https:\/\/www.fundavia.com\/de\/wp-json\/wp\/v2\/media?parent=817"}],"curies":[{"name":"wp","href":"https:\/\/api.w.org\/{rel}","templated":true}]}}