{"id":3,"date":"2025-12-17T14:05:43","date_gmt":"2025-12-17T14:05:43","guid":{"rendered":"http:\/\/www.fundavia.com\/?page_id=3"},"modified":"2026-01-02T13:15:45","modified_gmt":"2026-01-02T13:15:45","slug":"allgemeine-geschaftsbedingungen","status":"publish","type":"page","link":"https:\/\/www.fundavia.com\/de\/allgemeine-geschaftsbedingungen\/","title":{"rendered":"Allgemeine Gesch\u00e4ftsbedingungen"},"content":{"rendered":"<p><strong>Datum des Inkrafttretens:<\/strong> 02. Januar 2026<\/p>\n\n\n\n<p>Willkommen bei Fundavia (\u201cFundavia\u201d, \u201cwir\u201d, \u201cunser\u201d oder \u201cuns\u201d). Diese Allgemeinen Gesch\u00e4ftsbedingungen (\u201cAGB\u201d) erl\u00e4utern die Regeln und Erwartungen f\u00fcr die Nutzung der Website www.fundavia.com (die \u201cWebsite\u201d). Durch den Zugriff auf oder die Nutzung der Website best\u00e4tigen Sie, dass Sie diese AGB gelesen und verstanden haben und sich damit einverstanden erkl\u00e4ren, an sie gebunden zu sein. Wenn Sie mit diesen Bedingungen nicht vollst\u00e4ndig einverstanden sind, nutzen Sie die Website bitte nicht.<\/p>\n\n\n\n<p class=\"has-medium-font-size\">1. Was Fundavia ist und was es nicht ist<\/p>\n\n\n\n<ol class=\"wp-block-list has-medium-font-size\"><\/ol>\n\n\n\n<p>Fundavia ist ein hochwertiges Online-Magazin, das sich darauf konzentriert, fundierte Einblicke in b\u00f6rsengehandelte Fonds, Investmentfonds und die Anlagestrategien gro\u00dfer institutioneller Anleger weltweit zu liefern. Ob wir nun \u00fcber den Aufstieg aktiver ETFs, die Verlagerung hin zu thematischen Fonds oder die Rolle festverzinslicher Produkte in Portfolios schreiben \u2013 unser Ziel ist es, Kontext, Analysen und Perspektiven zu bieten, die den Lesern helfen zu verstehen, was die M\u00e4rkte bewegt und warum dies wichtig ist. Die Website selbst dient zu Informations-, Bildungs- und Kommentierungszwecken und ist, sofern nicht anders angegeben, nicht auf registrierte oder zahlende Nutzer beschr\u00e4nkt.<\/p>\n\n\n\n<p>Fundavia ist nicht als Anlageberater, Makler, Finanzplaner oder Treuh\u00e4nder t\u00e4tig, und nichts auf dieser Website sollte als pers\u00f6nliche, ma\u00dfgeschneiderte, professionelle oder fachkundige Beratung angesehen werden. Der Inhalt spiegelt allgemeine Marktbeobachtungen und -analysen wider und stellt keine Empfehlungen zum Kauf, Halten oder Verkauf von Wertpapieren oder Strategien dar. Wenn Sie erw\u00e4gen, auf der Grundlage von Materialien auf dieser Website Ma\u00dfnahmen zu ergreifen, sollten Sie zun\u00e4chst einen qualifizierten Finanz-, Rechts-, Steuer- oder anderen Fachmann konsultieren, der Sie unter Ber\u00fccksichtigung Ihrer pers\u00f6nlichen Umst\u00e4nde beraten kann.<\/p>\n\n\n\n<p class=\"has-medium-font-size\">2. Berechtigung zur Nutzung der Website<\/p>\n\n\n\n<ol start=\"2\" class=\"wp-block-list\"><\/ol>\n\n\n\n<p>Durch die Nutzung der Website erkl\u00e4ren Sie, dass:<\/p>\n\n\n\n<ul class=\"wp-block-list\">\n<li>Sie sind nach den Gesetzen Ihres Landes gesch\u00e4ftsf\u00e4hig, um verbindliche Vertr\u00e4ge abzuschlie\u00dfen; und<br><\/li>\n\n\n\n<li>Wenn Sie die Website im Namen eines Unternehmens oder einer Organisation nutzen, sind Sie berechtigt, diese Einrichtung an diese Bedingungen zu binden.<\/li>\n<\/ul>\n\n\n\n<p class=\"has-medium-font-size\">3. Keine professionelle Beratung oder Haftung<\/p>\n\n\n\n<p>Die auf Fundavia ver\u00f6ffentlichten Informationen dienen ausschlie\u00dflich allgemeinen Informationszwecken und stellen keine Anlage-, Finanz-, Rechts-, Steuer-, Buchhaltungs-, Regulierungs- oder sonstige professionelle Beratung dar. Fundavia, seine Autoren und Mitwirkenden empfehlen keine Anlageprodukte, -strategien oder -dienstleistungen, und nichts auf dieser Website ist als Empfehlung zum Kauf oder Verkauf von Anlagen oder zur Durchf\u00fchrung von Finanztransaktionen zu verstehen.<br><br>Sie sind sich bewusst, dass jede Investition mit Risiken verbunden ist, einschlie\u00dflich eines m\u00f6glichen Kapitalverlusts, und dass Sie keine Entscheidungen treffen sollten, ohne sich entsprechend Ihrer individuellen Situation von einem Fachmann beraten zu lassen. Fundavia haftet nicht f\u00fcr Verluste, Sch\u00e4den oder andere Folgen von Entscheidungen, die Sie oder andere auf der Grundlage von Informationen getroffen haben, die auf dieser Website enthalten sind oder \u00fcber diese Website abgerufen werden k\u00f6nnen.<\/p>\n\n\n\n<p class=\"has-medium-font-size\">4. Geistiges Eigentum und Nutzung von Inhalten<\/p>\n\n\n\n<ol start=\"4\" class=\"wp-block-list\"><\/ol>\n\n\n\n<p>Alle Materialien auf dieser Website, einschlie\u00dflich Text, Grafiken, Illustrationen, Forschungsergebnisse, Design, Layout und Logos, sind Eigentum von Fundavia oder an Fundavia lizenziert und durch geltende Gesetze zum Schutz geistigen Eigentums gesch\u00fctzt. Ihnen wird ein beschr\u00e4nktes, nicht exklusives und nicht \u00fcbertragbares Recht gew\u00e4hrt, auf Inhalte zuzugreifen und diese ausschlie\u00dflich f\u00fcr pers\u00f6nliche, nicht kommerzielle Zwecke anzusehen. Ohne unsere vorherige schriftliche Genehmigung d\u00fcrfen Sie keine Inhalte kopieren, reproduzieren, verbreiten, ver\u00e4ndern, erneut ver\u00f6ffentlichen, hochladen, posten oder anderweitig f\u00fcr andere Zwecke als das Ansehen und Teilen gem\u00e4\u00df diesen Bedingungen verwenden.<\/p>\n\n\n\n<p class=\"has-medium-font-size\">5. Inhalte Dritter und externe Links<\/p>\n\n\n\n<ol start=\"5\" class=\"wp-block-list\"><\/ol>\n\n\n\n<p>Fundavia kann Links zu Websites, Ressourcen und Ver\u00f6ffentlichungen Dritter enthalten. Diese werden nur aus Gr\u00fcnden der Benutzerfreundlichkeit und zu Informationszwecken bereitgestellt. Wir haben keine Kontrolle \u00fcber den Inhalt oder die Praktiken externer Websites und sind nicht daf\u00fcr verantwortlich. Die Verlinkung zu diesen Websites bedeutet keine Billigung, \u00dcberpr\u00fcfung oder Genehmigung ihres Inhalts. Ihre Entscheidung, auf Inhalte Dritter zuzugreifen oder sich darauf zu verlassen, erfolgt auf Ihr eigenes Risiko.<\/p>\n\n\n\n<p class=\"has-medium-font-size\">6. Zul\u00e4ssige Nutzung<\/p>\n\n\n\n<ol start=\"6\" class=\"wp-block-list has-medium-font-size\"><\/ol>\n\n\n\n<p>Sie erkl\u00e4ren sich damit einverstanden, die Website auf rechtm\u00e4\u00dfige, respektvolle und verantwortungsbewusste Weise zu nutzen. Insbesondere d\u00fcrfen Sie nicht:<\/p>\n\n\n\n<ul class=\"wp-block-list\">\n<li>Gegen geltende Gesetze oder Vorschriften versto\u00dfen;<\/li>\n\n\n\n<li>Die Rechte von Fundavia, seinen Mitwirkenden oder Dritten verletzen;<\/li>\n\n\n\n<li>Hochladen oder \u00dcbertragen von b\u00f6sartigem Code, Malware oder anderen sch\u00e4dlichen Materialien;<\/li>\n\n\n\n<li>die Verf\u00fcgbarkeit oder Integrit\u00e4t der Website beeintr\u00e4chtigen; oder<\/li>\n\n\n\n<li>Versuchen Sie nicht, Sicherheitsma\u00dfnahmen zu umgehen oder sich unbefugten Zugang zu Systemen im Zusammenhang mit der Website zu verschaffen.<\/li>\n<\/ul>\n\n\n\n<p>Fundavia beh\u00e4lt sich das Recht vor, den Zugang zur Website nach eigenem Ermessen zu beschr\u00e4nken oder zu beenden, wenn gegen diese Bedingungen versto\u00dfen wird.<\/p>\n\n\n\n<p class=\"has-medium-font-size\">7. Verf\u00fcgbarkeit und Haftungsausschluss<\/p>\n\n\n\n<ol start=\"7\" class=\"wp-block-list\"><\/ol>\n\n\n\n<p>Die Website und alle Inhalte werden \u201cwie besehen\u201d und \u201cwie verf\u00fcgbar\u201d ohne jegliche ausdr\u00fcckliche, stillschweigende oder gesetzliche Gew\u00e4hrleistung bereitgestellt. Wir sind bestrebt, die Informationen korrekt und aktuell zu halten, \u00fcbernehmen jedoch keine Gew\u00e4hr f\u00fcr die Vollst\u00e4ndigkeit, Zuverl\u00e4ssigkeit, Aktualit\u00e4t oder Richtigkeit der Inhalte. Der Zugriff auf die Website und deren Nutzung erfolgen auf eigene Gefahr.<\/p>\n\n\n\n<p class=\"has-medium-font-size\">8. Haftungsbeschr\u00e4nkung<\/p>\n\n\n\n<ol start=\"8\" class=\"wp-block-list\"><\/ol>\n\n\n\n<p>Soweit dies nach geltendem Recht zul\u00e4ssig ist, haften Fundavia und seine verbundenen Unternehmen, Partner, Mitwirkenden, Mitarbeiter, Vertreter und Lizenzgeber nicht f\u00fcr direkte oder indirekte Verluste, Sch\u00e4den oder Anspr\u00fcche, die sich aus Ihrer Nutzung der Website oder Ihrem Vertrauen auf die \u00fcber diese bereitgestellten Inhalte ergeben oder damit in Zusammenhang stehen, einschlie\u00dflich Verlusten von Investitionen, Gewinnen, Daten, Einnahmen oder Rufsch\u00e4digungen.<\/p>\n\n\n\n<p class=\"has-medium-font-size\">9. Datenschutz und Privatsph\u00e4re<\/p>\n\n\n\n<ol start=\"9\" class=\"wp-block-list\"><\/ol>\n\n\n\n<p>Fundavia erhebt und verarbeitet personenbezogene Daten in \u00dcbereinstimmung mit den geltenden Datenschutzgesetzen. Einzelheiten zum Umgang mit personenbezogenen Daten sind in der Datenschutzerkl\u00e4rung dargelegt, die durch Verweis Bestandteil dieser Bedingungen ist.<\/p>\n\n\n\n<p class=\"has-medium-font-size\">10. \u00c4nderungen dieser Bedingungen<\/p>\n\n\n\n<ol start=\"10\" class=\"wp-block-list\"><\/ol>\n\n\n\n<p>Wir k\u00f6nnen diese Bedingungen von Zeit zu Zeit \u00fcberarbeiten oder aktualisieren. Aktualisierte Versionen werden auf der Website mit ihrem Datum des Inkrafttretens ver\u00f6ffentlicht. Durch die fortgesetzte Nutzung der Website nach der Ver\u00f6ffentlichung von \u00c4nderungen erkl\u00e4ren Sie sich mit den \u00fcberarbeiteten Bedingungen einverstanden.<\/p>\n\n\n\n<p class=\"has-medium-font-size\">11. Salvatorische Klausel<\/p>\n\n\n\n<ol start=\"11\" class=\"wp-block-list\"><\/ol>\n\n\n\n<p>Sollte ein Teil dieser Bedingungen ung\u00fcltig oder nicht durchsetzbar sein, wird dieser Teil gestrichen, und der Rest bleibt in vollem Umfang in Kraft und wirksam.<\/p>\n\n\n\n<p class=\"has-medium-font-size\">12. Anwendbares Recht und Gerichtsstand<\/p>\n\n\n\n<ol start=\"12\" class=\"wp-block-list\"><\/ol>\n\n\n\n<p>Diese Bedingungen und Ihre Nutzung der Website unterliegen den Gesetzen der Gerichtsbarkeit, in der Fundavia seinen Sitz hat, ohne Ber\u00fccksichtigung der Grunds\u00e4tze des Kollisionsrechts. Die zust\u00e4ndigen Gerichte dieser Gerichtsbarkeit sind ausschlie\u00dflich f\u00fcr die Beilegung von Streitigkeiten zust\u00e4ndig, die sich aus oder im Zusammenhang mit diesen Bedingungen oder Ihrer Nutzung der Website ergeben.<\/p>\n\n\n\n<p class=\"has-medium-font-size\">13. Kontaktdaten<\/p>\n\n\n\n<ol start=\"13\" class=\"wp-block-list\"><\/ol>\n\n\n\n<p>Wenn Sie Fragen zu diesen Bedingungen haben, wenden Sie sich bitte an: info @ fundavia.com .<\/p>","protected":false},"excerpt":{"rendered":"<p>G\u00fcltig ab: 02. Januar 2026 Willkommen bei Fundavia (\u201cFundavia\u201d, \u201cwir\u201d, \u201cunser\u201d oder \u201cuns\u201d). Diese Allgemeinen Gesch\u00e4ftsbedingungen (\u201cAGB\u201d) erl\u00e4utern die<\/p>","protected":false},"author":1,"featured_media":0,"parent":0,"menu_order":0,"comment_status":"closed","ping_status":"open","template":"","meta":{"colormag_page_container_layout":"default_layout","colormag_page_sidebar_layout":"default_layout","footnotes":""},"class_list":["post-3","page","type-page","status-publish","hentry"],"yoast_head":"<!-- This site is optimized with the Yoast SEO plugin v26.6 - https:\/\/yoast.com\/wordpress\/plugins\/seo\/ -->\n<title>Terms and Conditions - Fundavia | Funds, ETFs &amp; Institutional Investing<\/title>\n<meta name=\"robots\" content=\"index, follow, max-snippet:-1, max-image-preview:large, max-video-preview:-1\" \/>\n<link rel=\"canonical\" href=\"http:\/\/www.fundavia.com\/de\/allgemeine-geschaftsbedingungen\/\" \/>\n<meta property=\"og:locale\" content=\"de_DE\" \/>\n<meta property=\"og:type\" content=\"article\" \/>\n<meta property=\"og:title\" content=\"Terms and Conditions - Fundavia | Funds, ETFs &amp; Institutional Investing\" \/>\n<meta property=\"og:description\" content=\"Effective Date: 02 January 2026 Welcome to Fundavia (\u201cFundavia,\u201d \u201cwe,\u201d \u201cour\u201d or \u201cus\u201d). These Terms and Conditions (\u201cTerms\u201d) explain the\" \/>\n<meta property=\"og:url\" content=\"http:\/\/www.fundavia.com\/de\/allgemeine-geschaftsbedingungen\/\" \/>\n<meta property=\"og:site_name\" content=\"Fundavia | Funds, ETFs &amp; Institutional Investing\" \/>\n<meta property=\"article:modified_time\" content=\"2026-01-02T13:15:45+00:00\" \/>\n<meta name=\"twitter:card\" content=\"summary_large_image\" \/>\n<meta name=\"twitter:label1\" content=\"Gesch\u00e4tzte Lesezeit\" \/>\n\t<meta name=\"twitter:data1\" content=\"5\u00a0Minuten\" \/>\n<script type=\"application\/ld+json\" class=\"yoast-schema-graph\">{\"@context\":\"https:\/\/schema.org\",\"@graph\":[{\"@type\":\"WebPage\",\"@id\":\"http:\/\/www.fundavia.com\/es\/terminos-y-condiciones\/\",\"url\":\"http:\/\/www.fundavia.com\/es\/terminos-y-condiciones\/\",\"name\":\"Terms and Conditions - Fundavia | Funds, ETFs &amp; Institutional Investing\",\"isPartOf\":{\"@id\":\"https:\/\/www.fundavia.com\/pl\/#website\"},\"datePublished\":\"2025-12-17T14:05:43+00:00\",\"dateModified\":\"2026-01-02T13:15:45+00:00\",\"breadcrumb\":{\"@id\":\"http:\/\/www.fundavia.com\/es\/terminos-y-condiciones\/#breadcrumb\"},\"inLanguage\":\"de\",\"potentialAction\":[{\"@type\":\"ReadAction\",\"target\":[\"http:\/\/www.fundavia.com\/es\/terminos-y-condiciones\/\"]}]},{\"@type\":\"BreadcrumbList\",\"@id\":\"http:\/\/www.fundavia.com\/es\/terminos-y-condiciones\/#breadcrumb\",\"itemListElement\":[{\"@type\":\"ListItem\",\"position\":1,\"name\":\"Home\",\"item\":\"https:\/\/www.fundavia.com\/pl\/\"},{\"@type\":\"ListItem\",\"position\":2,\"name\":\"Terms and Conditions\"}]},{\"@type\":\"WebSite\",\"@id\":\"https:\/\/www.fundavia.com\/pl\/#website\",\"url\":\"https:\/\/www.fundavia.com\/pl\/\",\"name\":\"Fundavia | Funds, ETFs & Institutional Investing\",\"description\":\"Fundavia provides deep analysis on ETFs, funds, and institutional investment strategies shaping global financial markets and capital allocation.\",\"publisher\":{\"@id\":\"https:\/\/www.fundavia.com\/pl\/#organization\"},\"potentialAction\":[{\"@type\":\"SearchAction\",\"target\":{\"@type\":\"EntryPoint\",\"urlTemplate\":\"https:\/\/www.fundavia.com\/pl\/?s={search_term_string}\"},\"query-input\":{\"@type\":\"PropertyValueSpecification\",\"valueRequired\":true,\"valueName\":\"search_term_string\"}}],\"inLanguage\":\"de\"},{\"@type\":\"Organization\",\"@id\":\"https:\/\/www.fundavia.com\/pl\/#organization\",\"name\":\"Fundavia | Funds, ETFs & Institutional Investing\",\"url\":\"https:\/\/www.fundavia.com\/pl\/\",\"logo\":{\"@type\":\"ImageObject\",\"inLanguage\":\"de\",\"@id\":\"https:\/\/www.fundavia.com\/pl\/#\/schema\/logo\/image\/\",\"url\":\"https:\/\/www.fundavia.com\/wp-content\/uploads\/2025\/12\/fundavia.png\",\"contentUrl\":\"https:\/\/www.fundavia.com\/wp-content\/uploads\/2025\/12\/fundavia.png\",\"width\":251,\"height\":156,\"caption\":\"Fundavia | Funds, ETFs & Institutional Investing\"},\"image\":{\"@id\":\"https:\/\/www.fundavia.com\/pl\/#\/schema\/logo\/image\/\"}}]}<\/script>\n<!-- \/ Yoast SEO plugin. -->","yoast_head_json":{"title":"Allgemeine Gesch\u00e4ftsbedingungen \u2013 Fundavia | Fonds, ETFs und institutionelle Anlagen","robots":{"index":"index","follow":"follow","max-snippet":"max-snippet:-1","max-image-preview":"max-image-preview:large","max-video-preview":"max-video-preview:-1"},"canonical":"http:\/\/www.fundavia.com\/de\/allgemeine-geschaftsbedingungen\/","og_locale":"de_DE","og_type":"article","og_title":"Terms and Conditions - Fundavia | Funds, ETFs &amp; Institutional Investing","og_description":"Effective Date: 02 January 2026 Welcome to Fundavia (\u201cFundavia,\u201d \u201cwe,\u201d \u201cour\u201d or \u201cus\u201d). These Terms and Conditions (\u201cTerms\u201d) explain the","og_url":"http:\/\/www.fundavia.com\/de\/allgemeine-geschaftsbedingungen\/","og_site_name":"Fundavia | Funds, ETFs &amp; Institutional Investing","article_modified_time":"2026-01-02T13:15:45+00:00","twitter_card":"summary_large_image","twitter_misc":{"Gesch\u00e4tzte Lesezeit":"5\u00a0Minuten"},"schema":{"@context":"https:\/\/schema.org","@graph":[{"@type":"WebPage","@id":"http:\/\/www.fundavia.com\/es\/terminos-y-condiciones\/","url":"http:\/\/www.fundavia.com\/es\/terminos-y-condiciones\/","name":"Allgemeine Gesch\u00e4ftsbedingungen \u2013 Fundavia | Fonds, ETFs und institutionelle Anlagen","isPartOf":{"@id":"https:\/\/www.fundavia.com\/pl\/#website"},"datePublished":"2025-12-17T14:05:43+00:00","dateModified":"2026-01-02T13:15:45+00:00","breadcrumb":{"@id":"http:\/\/www.fundavia.com\/es\/terminos-y-condiciones\/#breadcrumb"},"inLanguage":"de","potentialAction":[{"@type":"ReadAction","target":["http:\/\/www.fundavia.com\/es\/terminos-y-condiciones\/"]}]},{"@type":"BreadcrumbList","@id":"http:\/\/www.fundavia.com\/es\/terminos-y-condiciones\/#breadcrumb","itemListElement":[{"@type":"ListItem","position":1,"name":"Home","item":"https:\/\/www.fundavia.com\/pl\/"},{"@type":"ListItem","position":2,"name":"Terms and Conditions"}]},{"@type":"WebSite","@id":"https:\/\/www.fundavia.com\/pl\/#website","url":"https:\/\/www.fundavia.com\/pl\/","name":"Fundavia | Fonds, ETFs und institutionelle Anlagen","description":"Fundavia bietet fundierte Analysen zu ETFs, Fonds und institutionellen Anlagestrategien, die die globalen Finanzm\u00e4rkte und die Kapitalallokation pr\u00e4gen.","publisher":{"@id":"https:\/\/www.fundavia.com\/pl\/#organization"},"potentialAction":[{"@type":"SearchAction","target":{"@type":"EntryPoint","urlTemplate":"https:\/\/www.fundavia.com\/pl\/?s={search_term_string}"},"query-input":{"@type":"PropertyValueSpecification","valueRequired":true,"valueName":"search_term_string"}}],"inLanguage":"de"},{"@type":"Organization","@id":"https:\/\/www.fundavia.com\/pl\/#organization","name":"Fundavia | Fonds, ETFs und institutionelle Anlagen","url":"https:\/\/www.fundavia.com\/pl\/","logo":{"@type":"ImageObject","inLanguage":"de","@id":"https:\/\/www.fundavia.com\/pl\/#\/schema\/logo\/image\/","url":"https:\/\/www.fundavia.com\/wp-content\/uploads\/2025\/12\/fundavia.png","contentUrl":"https:\/\/www.fundavia.com\/wp-content\/uploads\/2025\/12\/fundavia.png","width":251,"height":156,"caption":"Fundavia | Funds, ETFs & Institutional Investing"},"image":{"@id":"https:\/\/www.fundavia.com\/pl\/#\/schema\/logo\/image\/"}}]}},"_links":{"self":[{"href":"https:\/\/www.fundavia.com\/de\/wp-json\/wp\/v2\/pages\/3","targetHints":{"allow":["GET"]}}],"collection":[{"href":"https:\/\/www.fundavia.com\/de\/wp-json\/wp\/v2\/pages"}],"about":[{"href":"https:\/\/www.fundavia.com\/de\/wp-json\/wp\/v2\/types\/page"}],"author":[{"embeddable":true,"href":"https:\/\/www.fundavia.com\/de\/wp-json\/wp\/v2\/users\/1"}],"replies":[{"embeddable":true,"href":"https:\/\/www.fundavia.com\/de\/wp-json\/wp\/v2\/comments?post=3"}],"version-history":[{"count":3,"href":"https:\/\/www.fundavia.com\/de\/wp-json\/wp\/v2\/pages\/3\/revisions"}],"predecessor-version":[{"id":931,"href":"https:\/\/www.fundavia.com\/de\/wp-json\/wp\/v2\/pages\/3\/revisions\/931"}],"wp:attachment":[{"href":"https:\/\/www.fundavia.com\/de\/wp-json\/wp\/v2\/media?parent=3"}],"curies":[{"name":"wp","href":"https:\/\/api.w.org\/{rel}","templated":true}]}}